{"id":561,"date":"2022-10-06T09:34:33","date_gmt":"2022-10-06T09:34:33","guid":{"rendered":"https:\/\/fcalorient.fr\/?page_id=561"},"modified":"2023-01-24T17:23:46","modified_gmt":"2023-01-24T17:23:46","slug":"elementor-561","status":"publish","type":"page","link":"https:\/\/fcalorient.fr\/index.php\/elementor-561\/","title":{"rendered":"Animateur Yoga"},"content":{"rendered":"\t\t<div data-elementor-type=\"wp-page\" data-elementor-id=\"561\" class=\"elementor elementor-561\">\n\t\t\t\t\t\t<section class=\"elementor-section elementor-top-section elementor-element elementor-element-61667cb4 elementor-section-boxed elementor-section-height-default elementor-section-height-default\" data-id=\"61667cb4\" data-element_type=\"section\" data-e-type=\"section\">\n\t\t\t\t\t\t<div class=\"elementor-container elementor-column-gap-default\">\n\t\t\t\t\t<div class=\"elementor-column elementor-col-33 elementor-top-column elementor-element elementor-element-518767ef\" data-id=\"518767ef\" data-element_type=\"column\" data-e-type=\"column\">\n\t\t\t<div class=\"elementor-widget-wrap elementor-element-populated\">\n\t\t\t\t\t\t<div class=\"elementor-element elementor-element-4f3930de elementor-widget elementor-widget-image\" data-id=\"4f3930de\" data-element_type=\"widget\" data-e-type=\"widget\" data-widget_type=\"image.default\">\n\t\t\t\t<div class=\"elementor-widget-container\">\n\t\t\t\t\t\t\t\t\t\t\t\t\t\t\t<img fetchpriority=\"high\" decoding=\"async\" width=\"300\" height=\"282\" src=\"https:\/\/fcalorient.fr\/wp-content\/uploads\/2022\/10\/AlainJouan2-300x282.jpg\" class=\"attachment-medium size-medium wp-image-464\" alt=\"\" srcset=\"https:\/\/fcalorient.fr\/wp-content\/uploads\/2022\/10\/AlainJouan2-300x282.jpg 300w, https:\/\/fcalorient.fr\/wp-content\/uploads\/2022\/10\/AlainJouan2-1024x963.jpg 1024w, https:\/\/fcalorient.fr\/wp-content\/uploads\/2022\/10\/AlainJouan2-768x723.jpg 768w, https:\/\/fcalorient.fr\/wp-content\/uploads\/2022\/10\/AlainJouan2.jpg 1251w\" sizes=\"(max-width: 300px) 100vw, 300px\" \/>\t\t\t\t\t\t\t\t\t\t\t\t\t\t\t<\/div>\n\t\t\t\t<\/div>\n\t\t\t\t\t<\/div>\n\t\t<\/div>\n\t\t\t\t<div class=\"elementor-column elementor-col-66 elementor-top-column elementor-element elementor-element-4279fbf9\" data-id=\"4279fbf9\" data-element_type=\"column\" data-e-type=\"column\">\n\t\t\t<div class=\"elementor-widget-wrap elementor-element-populated\">\n\t\t\t\t\t\t<div class=\"elementor-element elementor-element-79d308a2 elementor-widget elementor-widget-text-editor\" data-id=\"79d308a2\" data-element_type=\"widget\" data-e-type=\"widget\" data-widget_type=\"text-editor.default\">\n\t\t\t\t<div class=\"elementor-widget-container\">\n\t\t\t\t\t\t\t\t\t<h4>ANIMATEUR YOGA\u00a0 :<\/h4><h4>Alain JOUAN\u00a0<\/h4><h6>Formation en Hatha Yoga et Raja Yoga<\/h6><h6>Initiation au yoga thib\u00e9tain et \u00e9gyptien, \u00e0 des techniques de bien-\u00eatre, week end et journ\u00e9es en m\u00e9ditation, formation en naturopathie et digitopuncture<\/h6><h5>Contact au\u00a0 :\u00a0 02 97 83 16 81\u00a0<\/h5><h5><span style=\"text-decoration: underline;\">Horaires des s\u00e9ances\u00a0<\/span><\/h5><h5>Lundi : 15h &#8211; 16h30<\/h5><h5>Mardi : 18h30 &#8211; 20h et 20h &#8211; 21h15 (sous r\u00e9serve)<\/h5><h5>Vendredi : 10h &#8211; 11h15 , 18h30 &#8211; 20h\u00a0 et\u00a0 20h &#8211; 21h15 (sous r\u00e9serve)<\/h5>\t\t\t\t\t\t\t\t<\/div>\n\t\t\t\t<\/div>\n\t\t\t\t\t<\/div>\n\t\t<\/div>\n\t\t\t\t\t<\/div>\n\t\t<\/section>\n\t\t\t\t<section class=\"elementor-section elementor-top-section elementor-element elementor-element-1dbbe22c elementor-section-boxed elementor-section-height-default elementor-section-height-default\" data-id=\"1dbbe22c\" data-element_type=\"section\" data-e-type=\"section\">\n\t\t\t\t\t\t<div class=\"elementor-container elementor-column-gap-default\">\n\t\t\t\t\t<div class=\"elementor-column elementor-col-100 elementor-top-column elementor-element elementor-element-57cf460a\" data-id=\"57cf460a\" data-element_type=\"column\" data-e-type=\"column\">\n\t\t\t<div class=\"elementor-widget-wrap elementor-element-populated\">\n\t\t\t\t\t\t<div class=\"elementor-element elementor-element-4238b084 elementor-button-info elementor-align-center elementor-widget elementor-widget-button\" data-id=\"4238b084\" data-element_type=\"widget\" data-e-type=\"widget\" data-widget_type=\"button.default\">\n\t\t\t\t<div class=\"elementor-widget-container\">\n\t\t\t\t\t\t\t\t\t<div class=\"elementor-button-wrapper\">\n\t\t\t\t\t<a class=\"elementor-button elementor-button-link elementor-size-sm\" href=\"https:\/\/fcalorient.fr\/index.php\/elementor-434\/\">\n\t\t\t\t\t\t<span class=\"elementor-button-content-wrapper\">\n\t\t\t\t\t\t<span class=\"elementor-button-icon\">\n\t\t\t\t<i aria-hidden=\"true\" class=\"fas fa-angle-double-left\"><\/i>\t\t\t<\/span>\n\t\t\t\t\t\t\t\t\t<span class=\"elementor-button-text\">Activit\u00e9<\/span>\n\t\t\t\t\t<\/span>\n\t\t\t\t\t<\/a>\n\t\t\t\t<\/div>\n\t\t\t\t\t\t\t\t<\/div>\n\t\t\t\t<\/div>\n\t\t\t\t\t<\/div>\n\t\t<\/div>\n\t\t\t\t\t<\/div>\n\t\t<\/section>\n\t\t\t\t<\/div>\n\t\t","protected":false},"excerpt":{"rendered":"<p>ANIMATEUR YOGA\u00a0 : Alain JOUAN\u00a0 Formation en Hatha Yoga et Raja Yoga Initiation au yoga thib\u00e9tain et \u00e9gyptien, \u00e0 des techniques de bien-\u00eatre, week end et journ\u00e9es en m\u00e9ditation, formation en naturopathie et digitopuncture Contact au\u00a0 :\u00a0 02 97 83 16 81\u00a0 Horaires des s\u00e9ances\u00a0 Lundi : 15h &#8211; 16h30 [&hellip;]<\/p>\n","protected":false},"author":1,"featured_media":0,"parent":0,"menu_order":0,"comment_status":"closed","ping_status":"closed","template":"page-templates\/template-pagebuilder-full-width.php","meta":{"om_disable_all_campaigns":false,"_monsterinsights_skip_tracking":false,"_monsterinsights_sitenote_active":false,"_monsterinsights_sitenote_note":"","_monsterinsights_sitenote_category":0,"footnotes":""},"class_list":["post-561","page","type-page","status-publish","hentry"],"_links":{"self":[{"href":"https:\/\/fcalorient.fr\/index.php\/wp-json\/wp\/v2\/pages\/561","targetHints":{"allow":["GET"]}}],"collection":[{"href":"https:\/\/fcalorient.fr\/index.php\/wp-json\/wp\/v2\/pages"}],"about":[{"href":"https:\/\/fcalorient.fr\/index.php\/wp-json\/wp\/v2\/types\/page"}],"author":[{"embeddable":true,"href":"https:\/\/fcalorient.fr\/index.php\/wp-json\/wp\/v2\/users\/1"}],"replies":[{"embeddable":true,"href":"https:\/\/fcalorient.fr\/index.php\/wp-json\/wp\/v2\/comments?post=561"}],"version-history":[{"count":11,"href":"https:\/\/fcalorient.fr\/index.php\/wp-json\/wp\/v2\/pages\/561\/revisions"}],"predecessor-version":[{"id":1353,"href":"https:\/\/fcalorient.fr\/index.php\/wp-json\/wp\/v2\/pages\/561\/revisions\/1353"}],"wp:attachment":[{"href":"https:\/\/fcalorient.fr\/index.php\/wp-json\/wp\/v2\/media?parent=561"}],"curies":[{"name":"wp","href":"https:\/\/api.w.org\/{rel}","templated":true}]}}