{"id":422,"date":"2022-10-06T09:00:18","date_gmt":"2022-10-06T09:00:18","guid":{"rendered":"https:\/\/fcalorient.fr\/?page_id=422"},"modified":"2022-12-16T09:54:55","modified_gmt":"2022-12-16T09:54:55","slug":"elementor-422","status":"publish","type":"page","link":"https:\/\/fcalorient.fr\/index.php\/elementor-422\/","title":{"rendered":"Activit\u00e9 Sophrologie-Relaxation"},"content":{"rendered":"\t\t<div data-elementor-type=\"wp-page\" data-elementor-id=\"422\" class=\"elementor elementor-422\">\n\t\t\t\t\t\t<section class=\"elementor-section elementor-top-section elementor-element elementor-element-203e942d elementor-section-boxed elementor-section-height-default elementor-section-height-default\" data-id=\"203e942d\" data-element_type=\"section\" data-e-type=\"section\">\n\t\t\t\t\t\t<div class=\"elementor-container elementor-column-gap-default\">\n\t\t\t\t\t<div class=\"elementor-column elementor-col-100 elementor-top-column elementor-element elementor-element-5ccd57b0\" data-id=\"5ccd57b0\" data-element_type=\"column\" data-e-type=\"column\">\n\t\t\t<div class=\"elementor-widget-wrap elementor-element-populated\">\n\t\t\t\t\t\t<div class=\"elementor-element elementor-element-3d880993 elementor-widget elementor-widget-heading\" data-id=\"3d880993\" data-element_type=\"widget\" data-e-type=\"widget\" data-widget_type=\"heading.default\">\n\t\t\t\t<div class=\"elementor-widget-container\">\n\t\t\t\t\t<h2 class=\"elementor-heading-title elementor-size-default\">ACTIVIT\u00c9 SOPHROLOGIE - RELAXATION<\/h2>\t\t\t\t<\/div>\n\t\t\t\t<\/div>\n\t\t\t\t\t<\/div>\n\t\t<\/div>\n\t\t\t\t\t<\/div>\n\t\t<\/section>\n\t\t\t\t<section class=\"elementor-section elementor-top-section elementor-element elementor-element-538bdf42 elementor-section-boxed elementor-section-height-default elementor-section-height-default\" data-id=\"538bdf42\" data-element_type=\"section\" data-e-type=\"section\">\n\t\t\t\t\t\t<div class=\"elementor-container elementor-column-gap-default\">\n\t\t\t\t\t<div class=\"elementor-column elementor-col-100 elementor-top-column elementor-element elementor-element-73e27afd\" data-id=\"73e27afd\" data-element_type=\"column\" data-e-type=\"column\">\n\t\t\t<div class=\"elementor-widget-wrap elementor-element-populated\">\n\t\t\t\t\t\t<div class=\"elementor-element elementor-element-67c253b1 elementor-widget elementor-widget-spacer\" data-id=\"67c253b1\" data-element_type=\"widget\" data-e-type=\"widget\" data-widget_type=\"spacer.default\">\n\t\t\t\t<div class=\"elementor-widget-container\">\n\t\t\t\t\t\t\t<div class=\"elementor-spacer\">\n\t\t\t<div class=\"elementor-spacer-inner\"><\/div>\n\t\t<\/div>\n\t\t\t\t\t\t<\/div>\n\t\t\t\t<\/div>\n\t\t\t\t\t<\/div>\n\t\t<\/div>\n\t\t\t\t\t<\/div>\n\t\t<\/section>\n\t\t\t\t<section class=\"elementor-section elementor-top-section elementor-element elementor-element-4d2e892e elementor-section-boxed elementor-section-height-default elementor-section-height-default\" data-id=\"4d2e892e\" data-element_type=\"section\" data-e-type=\"section\">\n\t\t\t\t\t\t<div class=\"elementor-container elementor-column-gap-default\">\n\t\t\t\t\t<div class=\"elementor-column elementor-col-100 elementor-top-column elementor-element elementor-element-3bbe82a1\" data-id=\"3bbe82a1\" data-element_type=\"column\" data-e-type=\"column\">\n\t\t\t<div class=\"elementor-widget-wrap elementor-element-populated\">\n\t\t\t\t\t\t<div class=\"elementor-element elementor-element-212fb2f9 elementor-widget elementor-widget-image\" data-id=\"212fb2f9\" data-element_type=\"widget\" data-e-type=\"widget\" data-widget_type=\"image.default\">\n\t\t\t\t<div class=\"elementor-widget-container\">\n\t\t\t\t\t\t\t\t\t\t\t\t\t\t\t<img fetchpriority=\"high\" decoding=\"async\" width=\"400\" height=\"240\" src=\"https:\/\/fcalorient.fr\/wp-content\/uploads\/2022\/10\/sophro1.jpg\" class=\"attachment-large size-large wp-image-278\" alt=\"\" srcset=\"https:\/\/fcalorient.fr\/wp-content\/uploads\/2022\/10\/sophro1.jpg 400w, https:\/\/fcalorient.fr\/wp-content\/uploads\/2022\/10\/sophro1-300x180.jpg 300w\" sizes=\"(max-width: 400px) 100vw, 400px\" \/>\t\t\t\t\t\t\t\t\t\t\t\t\t\t\t<\/div>\n\t\t\t\t<\/div>\n\t\t\t\t\t<\/div>\n\t\t<\/div>\n\t\t\t\t\t<\/div>\n\t\t<\/section>\n\t\t\t\t<section class=\"elementor-section elementor-top-section elementor-element elementor-element-6cd87907 elementor-section-boxed elementor-section-height-default elementor-section-height-default\" data-id=\"6cd87907\" data-element_type=\"section\" data-e-type=\"section\">\n\t\t\t\t\t\t<div class=\"elementor-container elementor-column-gap-default\">\n\t\t\t\t\t<div class=\"elementor-column elementor-col-100 elementor-top-column elementor-element elementor-element-120d73d9\" data-id=\"120d73d9\" data-element_type=\"column\" data-e-type=\"column\">\n\t\t\t<div class=\"elementor-widget-wrap elementor-element-populated\">\n\t\t\t\t\t\t<div class=\"elementor-element elementor-element-581f7659 elementor-widget elementor-widget-spacer\" data-id=\"581f7659\" data-element_type=\"widget\" data-e-type=\"widget\" data-widget_type=\"spacer.default\">\n\t\t\t\t<div class=\"elementor-widget-container\">\n\t\t\t\t\t\t\t<div class=\"elementor-spacer\">\n\t\t\t<div class=\"elementor-spacer-inner\"><\/div>\n\t\t<\/div>\n\t\t\t\t\t\t<\/div>\n\t\t\t\t<\/div>\n\t\t\t\t\t<\/div>\n\t\t<\/div>\n\t\t\t\t\t<\/div>\n\t\t<\/section>\n\t\t\t\t<section class=\"elementor-section elementor-top-section elementor-element elementor-element-38a61df7 elementor-section-boxed elementor-section-height-default elementor-section-height-default\" data-id=\"38a61df7\" data-element_type=\"section\" data-e-type=\"section\">\n\t\t\t\t\t\t<div class=\"elementor-container elementor-column-gap-default\">\n\t\t\t\t\t<div class=\"elementor-column elementor-col-100 elementor-top-column elementor-element elementor-element-105c67d0\" data-id=\"105c67d0\" data-element_type=\"column\" data-e-type=\"column\">\n\t\t\t<div class=\"elementor-widget-wrap elementor-element-populated\">\n\t\t\t\t\t\t<div class=\"elementor-element elementor-element-6717e596 elementor-widget elementor-widget-heading\" data-id=\"6717e596\" data-element_type=\"widget\" data-e-type=\"widget\" data-widget_type=\"heading.default\">\n\t\t\t\t<div class=\"elementor-widget-container\">\n\t\t\t\t\t<h2 class=\"elementor-heading-title elementor-size-small\">D\u00c9TENDRE AVEC LES MAINS<\/h2>\t\t\t\t<\/div>\n\t\t\t\t<\/div>\n\t\t\t\t\t<\/div>\n\t\t<\/div>\n\t\t\t\t\t<\/div>\n\t\t<\/section>\n\t\t\t\t<section class=\"elementor-section elementor-top-section elementor-element elementor-element-16f79df6 elementor-section-boxed elementor-section-height-default elementor-section-height-default\" data-id=\"16f79df6\" data-element_type=\"section\" data-e-type=\"section\">\n\t\t\t\t\t\t<div class=\"elementor-container elementor-column-gap-default\">\n\t\t\t\t\t<div class=\"elementor-column elementor-col-25 elementor-top-column elementor-element elementor-element-4a3fd2f6\" data-id=\"4a3fd2f6\" data-element_type=\"column\" data-e-type=\"column\">\n\t\t\t<div class=\"elementor-widget-wrap elementor-element-populated\">\n\t\t\t\t\t\t<div class=\"elementor-element elementor-element-748d2daf elementor-widget elementor-widget-spacer\" data-id=\"748d2daf\" data-element_type=\"widget\" data-e-type=\"widget\" data-widget_type=\"spacer.default\">\n\t\t\t\t<div class=\"elementor-widget-container\">\n\t\t\t\t\t\t\t<div class=\"elementor-spacer\">\n\t\t\t<div class=\"elementor-spacer-inner\"><\/div>\n\t\t<\/div>\n\t\t\t\t\t\t<\/div>\n\t\t\t\t<\/div>\n\t\t\t\t<div class=\"elementor-element elementor-element-76cbb8e elementor-widget elementor-widget-image\" data-id=\"76cbb8e\" data-element_type=\"widget\" data-e-type=\"widget\" data-widget_type=\"image.default\">\n\t\t\t\t<div class=\"elementor-widget-container\">\n\t\t\t\t\t\t\t\t\t\t\t\t\t\t\t<img decoding=\"async\" width=\"300\" height=\"164\" src=\"https:\/\/fcalorient.fr\/wp-content\/uploads\/2022\/10\/main1-300x164.jpg\" class=\"attachment-medium size-medium wp-image-279\" alt=\"\" srcset=\"https:\/\/fcalorient.fr\/wp-content\/uploads\/2022\/10\/main1-300x164.jpg 300w, https:\/\/fcalorient.fr\/wp-content\/uploads\/2022\/10\/main1.jpg 750w\" sizes=\"(max-width: 300px) 100vw, 300px\" \/>\t\t\t\t\t\t\t\t\t\t\t\t\t\t\t<\/div>\n\t\t\t\t<\/div>\n\t\t\t\t\t<\/div>\n\t\t<\/div>\n\t\t\t\t<div class=\"elementor-column elementor-col-50 elementor-top-column elementor-element elementor-element-754bfd17\" data-id=\"754bfd17\" data-element_type=\"column\" data-e-type=\"column\">\n\t\t\t<div class=\"elementor-widget-wrap elementor-element-populated\">\n\t\t\t\t\t\t<div class=\"elementor-element elementor-element-6e5dbc8 elementor-widget elementor-widget-text-editor\" data-id=\"6e5dbc8\" data-element_type=\"widget\" data-e-type=\"widget\" data-widget_type=\"text-editor.default\">\n\t\t\t\t<div class=\"elementor-widget-container\">\n\t\t\t\t\t\t\t\t\t<p style=\"text-align: center;\">D\u00e9tendre avec les mains est un moyen de donner et de communiquer.<br \/>C&rsquo;est une pratique qui lib\u00e8re les tensions et les maux d\u00fbs au stress.<br \/>Elle est reconnue comme b\u00e9n\u00e9fique et pr\u00e9ventive<br \/>Elle apporte le bien-\u00eatre physique et mental, rassure, soulage, r\u00e9conforte et apaise.<br \/>Pratique indispensable \u00e0 tous les \u00e2ges de la vie, ses propri\u00e9t\u00e9s sont calmantes et relaxantes.<br \/>Elle s&rsquo;\u00e9x\u00e9cute pour un meilleur r\u00e9sultat dans un contact non-verbal.<br \/>Pratiqu\u00e9e avec douceur dans un climat de confiance r\u00e9ciproque, cette technique lib\u00e8re les \u00e9nergies et permet leur libre circulation dans le corps, elle active la circulation sanguine et att\u00e9nue les raideurs musculaires.<\/p>\t\t\t\t\t\t\t\t<\/div>\n\t\t\t\t<\/div>\n\t\t\t\t\t<\/div>\n\t\t<\/div>\n\t\t\t\t<div class=\"elementor-column elementor-col-25 elementor-top-column elementor-element elementor-element-21b3beea\" data-id=\"21b3beea\" data-element_type=\"column\" data-e-type=\"column\">\n\t\t\t<div class=\"elementor-widget-wrap elementor-element-populated\">\n\t\t\t\t\t\t<div class=\"elementor-element elementor-element-4bf76bc0 elementor-widget elementor-widget-spacer\" data-id=\"4bf76bc0\" data-element_type=\"widget\" data-e-type=\"widget\" data-widget_type=\"spacer.default\">\n\t\t\t\t<div class=\"elementor-widget-container\">\n\t\t\t\t\t\t\t<div class=\"elementor-spacer\">\n\t\t\t<div class=\"elementor-spacer-inner\"><\/div>\n\t\t<\/div>\n\t\t\t\t\t\t<\/div>\n\t\t\t\t<\/div>\n\t\t\t\t<div class=\"elementor-element elementor-element-f75b72e elementor-widget elementor-widget-image\" data-id=\"f75b72e\" data-element_type=\"widget\" data-e-type=\"widget\" data-widget_type=\"image.default\">\n\t\t\t\t<div class=\"elementor-widget-container\">\n\t\t\t\t\t\t\t\t\t\t\t\t\t\t\t<img decoding=\"async\" width=\"300\" height=\"200\" src=\"https:\/\/fcalorient.fr\/wp-content\/uploads\/2022\/10\/massage_epaule-300x200.jpg\" class=\"attachment-medium size-medium wp-image-280\" alt=\"\" srcset=\"https:\/\/fcalorient.fr\/wp-content\/uploads\/2022\/10\/massage_epaule-300x200.jpg 300w, https:\/\/fcalorient.fr\/wp-content\/uploads\/2022\/10\/massage_epaule-768x513.jpg 768w, https:\/\/fcalorient.fr\/wp-content\/uploads\/2022\/10\/massage_epaule-360x240.jpg 360w, https:\/\/fcalorient.fr\/wp-content\/uploads\/2022\/10\/massage_epaule.jpg 900w\" sizes=\"(max-width: 300px) 100vw, 300px\" \/>\t\t\t\t\t\t\t\t\t\t\t\t\t\t\t<\/div>\n\t\t\t\t<\/div>\n\t\t\t\t\t<\/div>\n\t\t<\/div>\n\t\t\t\t\t<\/div>\n\t\t<\/section>\n\t\t\t\t<section class=\"elementor-section elementor-top-section elementor-element elementor-element-46167172 elementor-section-boxed elementor-section-height-default elementor-section-height-default\" data-id=\"46167172\" data-element_type=\"section\" data-e-type=\"section\">\n\t\t\t\t\t\t<div class=\"elementor-container elementor-column-gap-default\">\n\t\t\t\t\t<div class=\"elementor-column elementor-col-25 elementor-top-column elementor-element elementor-element-7cf4abb2\" data-id=\"7cf4abb2\" data-element_type=\"column\" data-e-type=\"column\">\n\t\t\t<div class=\"elementor-widget-wrap elementor-element-populated\">\n\t\t\t\t\t\t<div class=\"elementor-element elementor-element-b9693c1 elementor-widget elementor-widget-spacer\" data-id=\"b9693c1\" data-element_type=\"widget\" data-e-type=\"widget\" data-widget_type=\"spacer.default\">\n\t\t\t\t<div class=\"elementor-widget-container\">\n\t\t\t\t\t\t\t<div class=\"elementor-spacer\">\n\t\t\t<div class=\"elementor-spacer-inner\"><\/div>\n\t\t<\/div>\n\t\t\t\t\t\t<\/div>\n\t\t\t\t<\/div>\n\t\t\t\t<div class=\"elementor-element elementor-element-3562513c elementor-widget elementor-widget-image\" data-id=\"3562513c\" data-element_type=\"widget\" data-e-type=\"widget\" data-widget_type=\"image.default\">\n\t\t\t\t<div class=\"elementor-widget-container\">\n\t\t\t\t\t\t\t\t\t\t\t\t\t\t\t<img loading=\"lazy\" decoding=\"async\" width=\"744\" height=\"450\" src=\"https:\/\/fcalorient.fr\/wp-content\/uploads\/2022\/10\/sophro3.png\" class=\"attachment-large size-large wp-image-281\" alt=\"\" srcset=\"https:\/\/fcalorient.fr\/wp-content\/uploads\/2022\/10\/sophro3.png 744w, https:\/\/fcalorient.fr\/wp-content\/uploads\/2022\/10\/sophro3-300x181.png 300w\" sizes=\"(max-width: 744px) 100vw, 744px\" \/>\t\t\t\t\t\t\t\t\t\t\t\t\t\t\t<\/div>\n\t\t\t\t<\/div>\n\t\t\t\t\t<\/div>\n\t\t<\/div>\n\t\t\t\t<div class=\"elementor-column elementor-col-50 elementor-top-column elementor-element elementor-element-a7427f9\" data-id=\"a7427f9\" data-element_type=\"column\" data-e-type=\"column\">\n\t\t\t<div class=\"elementor-widget-wrap elementor-element-populated\">\n\t\t\t\t\t\t<div class=\"elementor-element elementor-element-5a32cfa3 elementor-widget elementor-widget-text-editor\" data-id=\"5a32cfa3\" data-element_type=\"widget\" data-e-type=\"widget\" data-widget_type=\"text-editor.default\">\n\t\t\t\t<div class=\"elementor-widget-container\">\n\t\t\t\t\t\t\t\t\t<h6 style=\"text-align: center;\">La relaxation aborde les dimensions corporelle et mentale.<br \/>Elle procure s\u00e9r\u00e9nit\u00e9.<br \/>La technique de relaxation propos\u00e9e fait passer :<\/h6><h6 style=\"text-align: center;\">du stress &#8230;&#8230; \u00e0 l&rsquo;apaisement<br \/>du doute &#8230;&#8230;&#8230; \u00e0 la confiance<br \/>Cette technique de relaxation \u00ab\u00a0d\u00e9tendre avec les mains\u00a0\u00bb permet de retrouver ses propres rep\u00e8res, ses contours corporels, redistribuer l&rsquo;\u00e9nergie, d\u00e9nouer les tensions et redonner une certaine harmonie.<\/h6>\t\t\t\t\t\t\t\t<\/div>\n\t\t\t\t<\/div>\n\t\t\t\t\t<\/div>\n\t\t<\/div>\n\t\t\t\t<div class=\"elementor-column elementor-col-25 elementor-top-column elementor-element elementor-element-54c21973\" data-id=\"54c21973\" data-element_type=\"column\" data-e-type=\"column\">\n\t\t\t<div class=\"elementor-widget-wrap elementor-element-populated\">\n\t\t\t\t\t\t<div class=\"elementor-element elementor-element-2e82276c elementor-widget elementor-widget-spacer\" data-id=\"2e82276c\" data-element_type=\"widget\" data-e-type=\"widget\" data-widget_type=\"spacer.default\">\n\t\t\t\t<div class=\"elementor-widget-container\">\n\t\t\t\t\t\t\t<div class=\"elementor-spacer\">\n\t\t\t<div class=\"elementor-spacer-inner\"><\/div>\n\t\t<\/div>\n\t\t\t\t\t\t<\/div>\n\t\t\t\t<\/div>\n\t\t\t\t<div class=\"elementor-element elementor-element-3fa188ba elementor-widget elementor-widget-image\" data-id=\"3fa188ba\" data-element_type=\"widget\" data-e-type=\"widget\" data-widget_type=\"image.default\">\n\t\t\t\t<div class=\"elementor-widget-container\">\n\t\t\t\t\t\t\t\t\t\t\t\t\t\t\t<img loading=\"lazy\" decoding=\"async\" width=\"750\" height=\"500\" src=\"https:\/\/fcalorient.fr\/wp-content\/uploads\/2022\/10\/sophro2.jpg\" class=\"attachment-large size-large wp-image-282\" alt=\"\" srcset=\"https:\/\/fcalorient.fr\/wp-content\/uploads\/2022\/10\/sophro2.jpg 769w, https:\/\/fcalorient.fr\/wp-content\/uploads\/2022\/10\/sophro2-300x200.jpg 300w, https:\/\/fcalorient.fr\/wp-content\/uploads\/2022\/10\/sophro2-360x240.jpg 360w\" sizes=\"(max-width: 750px) 100vw, 750px\" \/>\t\t\t\t\t\t\t\t\t\t\t\t\t\t\t<\/div>\n\t\t\t\t<\/div>\n\t\t\t\t\t<\/div>\n\t\t<\/div>\n\t\t\t\t\t<\/div>\n\t\t<\/section>\n\t\t\t\t<section class=\"elementor-section elementor-top-section elementor-element elementor-element-420fe940 elementor-section-boxed elementor-section-height-default elementor-section-height-default\" data-id=\"420fe940\" data-element_type=\"section\" data-e-type=\"section\">\n\t\t\t\t\t\t<div class=\"elementor-container elementor-column-gap-default\">\n\t\t\t\t\t<div class=\"elementor-column elementor-col-25 elementor-top-column elementor-element elementor-element-7502d595\" data-id=\"7502d595\" data-element_type=\"column\" data-e-type=\"column\">\n\t\t\t<div class=\"elementor-widget-wrap elementor-element-populated\">\n\t\t\t\t\t\t<div class=\"elementor-element elementor-element-4656ec0b elementor-widget elementor-widget-spacer\" data-id=\"4656ec0b\" data-element_type=\"widget\" data-e-type=\"widget\" data-widget_type=\"spacer.default\">\n\t\t\t\t<div class=\"elementor-widget-container\">\n\t\t\t\t\t\t\t<div class=\"elementor-spacer\">\n\t\t\t<div class=\"elementor-spacer-inner\"><\/div>\n\t\t<\/div>\n\t\t\t\t\t\t<\/div>\n\t\t\t\t<\/div>\n\t\t\t\t<div class=\"elementor-element elementor-element-5fe08a3f elementor-widget elementor-widget-image\" data-id=\"5fe08a3f\" data-element_type=\"widget\" data-e-type=\"widget\" data-widget_type=\"image.default\">\n\t\t\t\t<div class=\"elementor-widget-container\">\n\t\t\t\t\t\t\t\t\t\t\t\t\t\t\t<img loading=\"lazy\" decoding=\"async\" width=\"270\" height=\"406\" src=\"https:\/\/fcalorient.fr\/wp-content\/uploads\/2022\/10\/sophrologie_visuel.jpg\" class=\"attachment-large size-large wp-image-283\" alt=\"\" srcset=\"https:\/\/fcalorient.fr\/wp-content\/uploads\/2022\/10\/sophrologie_visuel.jpg 270w, https:\/\/fcalorient.fr\/wp-content\/uploads\/2022\/10\/sophrologie_visuel-200x300.jpg 200w\" sizes=\"(max-width: 270px) 100vw, 270px\" \/>\t\t\t\t\t\t\t\t\t\t\t\t\t\t\t<\/div>\n\t\t\t\t<\/div>\n\t\t\t\t\t<\/div>\n\t\t<\/div>\n\t\t\t\t<div class=\"elementor-column elementor-col-50 elementor-top-column elementor-element elementor-element-30e66298\" data-id=\"30e66298\" data-element_type=\"column\" data-e-type=\"column\">\n\t\t\t<div class=\"elementor-widget-wrap elementor-element-populated\">\n\t\t\t\t\t\t<div class=\"elementor-element elementor-element-46f5a020 elementor-widget elementor-widget-spacer\" data-id=\"46f5a020\" data-element_type=\"widget\" data-e-type=\"widget\" data-widget_type=\"spacer.default\">\n\t\t\t\t<div class=\"elementor-widget-container\">\n\t\t\t\t\t\t\t<div class=\"elementor-spacer\">\n\t\t\t<div class=\"elementor-spacer-inner\"><\/div>\n\t\t<\/div>\n\t\t\t\t\t\t<\/div>\n\t\t\t\t<\/div>\n\t\t\t\t<div class=\"elementor-element elementor-element-6ba25503 elementor-widget elementor-widget-text-editor\" data-id=\"6ba25503\" data-element_type=\"widget\" data-e-type=\"widget\" data-widget_type=\"text-editor.default\">\n\t\t\t\t<div class=\"elementor-widget-container\">\n\t\t\t\t\t\t\t\t\t<h6 style=\"text-align: center;\">La sophrologie-relaxation est une recherche volontaire de d\u00e9tente et de rel\u00e2chement des tensions musculaires et mentales provoqu\u00e9es par le stress et le mal-\u00eatre.<br \/>La sophrologie est l&rsquo;\u00e9tude de tous les changements d&rsquo;\u00e9tat de conscience, elle s&rsquo;applique \u00e0 la conscience humaine.<br \/>Elle aide \u00e0 d\u00e9velopper les r\u00e9sistances, \u00e0 g\u00e9rer ses stress, \u00e0 \u00e9viter l&rsquo;\u00e9puisement voire la d\u00e9pression.<br \/>Elle harmonise le corps et l&rsquo;esprit, permet de se connaitre et de mieux s&rsquo;adapter \u00e0 son environnement.<br \/>C&rsquo;est \u00e9galement une m\u00e9thode d&rsquo;\u00e9panouissement s&rsquo;ouvrant par des moyens facilement assimilables.<\/h6><h6 style=\"text-align: center;\"><br \/>La sophrologie-relaxation s&rsquo;adresse \u00e0 tous et \u00e0 tout \u00e2ge.<\/h6>\t\t\t\t\t\t\t\t<\/div>\n\t\t\t\t<\/div>\n\t\t\t\t\t<\/div>\n\t\t<\/div>\n\t\t\t\t<div class=\"elementor-column elementor-col-25 elementor-top-column elementor-element elementor-element-5154a0b\" data-id=\"5154a0b\" data-element_type=\"column\" data-e-type=\"column\">\n\t\t\t<div class=\"elementor-widget-wrap elementor-element-populated\">\n\t\t\t\t\t\t<div class=\"elementor-element elementor-element-319d083b elementor-widget elementor-widget-image\" data-id=\"319d083b\" data-element_type=\"widget\" data-e-type=\"widget\" data-widget_type=\"image.default\">\n\t\t\t\t<div class=\"elementor-widget-container\">\n\t\t\t\t\t\t\t\t\t\t\t\t\t\t\t<img loading=\"lazy\" decoding=\"async\" width=\"287\" height=\"501\" src=\"https:\/\/fcalorient.fr\/wp-content\/uploads\/2022\/10\/galets2.jpg\" class=\"attachment-large size-large wp-image-284\" alt=\"\" srcset=\"https:\/\/fcalorient.fr\/wp-content\/uploads\/2022\/10\/galets2.jpg 287w, https:\/\/fcalorient.fr\/wp-content\/uploads\/2022\/10\/galets2-172x300.jpg 172w\" sizes=\"(max-width: 287px) 100vw, 287px\" \/>\t\t\t\t\t\t\t\t\t\t\t\t\t\t\t<\/div>\n\t\t\t\t<\/div>\n\t\t\t\t\t<\/div>\n\t\t<\/div>\n\t\t\t\t\t<\/div>\n\t\t<\/section>\n\t\t\t\t<section class=\"elementor-section elementor-top-section elementor-element elementor-element-5d35cfae elementor-section-boxed elementor-section-height-default elementor-section-height-default\" data-id=\"5d35cfae\" data-element_type=\"section\" data-e-type=\"section\">\n\t\t\t\t\t\t<div class=\"elementor-container elementor-column-gap-default\">\n\t\t\t\t\t<div class=\"elementor-column elementor-col-100 elementor-top-column elementor-element elementor-element-5050a2e4\" data-id=\"5050a2e4\" data-element_type=\"column\" data-e-type=\"column\">\n\t\t\t<div class=\"elementor-widget-wrap elementor-element-populated\">\n\t\t\t\t\t\t<div class=\"elementor-element elementor-element-5c49691e elementor-widget elementor-widget-spacer\" data-id=\"5c49691e\" data-element_type=\"widget\" data-e-type=\"widget\" data-widget_type=\"spacer.default\">\n\t\t\t\t<div class=\"elementor-widget-container\">\n\t\t\t\t\t\t\t<div class=\"elementor-spacer\">\n\t\t\t<div class=\"elementor-spacer-inner\"><\/div>\n\t\t<\/div>\n\t\t\t\t\t\t<\/div>\n\t\t\t\t<\/div>\n\t\t\t\t\t<\/div>\n\t\t<\/div>\n\t\t\t\t\t<\/div>\n\t\t<\/section>\n\t\t\t\t<section class=\"elementor-section elementor-top-section elementor-element elementor-element-484d546d elementor-section-boxed elementor-section-height-default elementor-section-height-default\" data-id=\"484d546d\" data-element_type=\"section\" data-e-type=\"section\">\n\t\t\t\t\t\t<div class=\"elementor-container elementor-column-gap-default\">\n\t\t\t\t\t<div class=\"elementor-column elementor-col-100 elementor-top-column elementor-element elementor-element-12852309\" data-id=\"12852309\" data-element_type=\"column\" data-e-type=\"column\">\n\t\t\t<div class=\"elementor-widget-wrap elementor-element-populated\">\n\t\t\t\t\t\t<div class=\"elementor-element elementor-element-32422e24 elementor-button-success elementor-align-center elementor-widget elementor-widget-button\" data-id=\"32422e24\" data-element_type=\"widget\" data-e-type=\"widget\" data-widget_type=\"button.default\">\n\t\t\t\t<div class=\"elementor-widget-container\">\n\t\t\t\t\t\t\t\t\t<div class=\"elementor-button-wrapper\">\n\t\t\t\t\t<a class=\"elementor-button elementor-button-link elementor-size-sm\" href=\"https:\/\/fcalorient.fr\/index.php\/elementor-555\/\">\n\t\t\t\t\t\t<span class=\"elementor-button-content-wrapper\">\n\t\t\t\t\t\t\t\t\t<span class=\"elementor-button-text\">Votre animatrice<\/span>\n\t\t\t\t\t<\/span>\n\t\t\t\t\t<\/a>\n\t\t\t\t<\/div>\n\t\t\t\t\t\t\t\t<\/div>\n\t\t\t\t<\/div>\n\t\t\t\t\t<\/div>\n\t\t<\/div>\n\t\t\t\t\t<\/div>\n\t\t<\/section>\n\t\t\t\t<\/div>\n\t\t","protected":false},"excerpt":{"rendered":"<p>ACTIVIT\u00c9 SOPHROLOGIE &#8211; RELAXATION D\u00c9TENDRE AVEC LES MAINS D\u00e9tendre avec les mains est un moyen de donner et de communiquer.C&rsquo;est une pratique qui lib\u00e8re les tensions et les maux d\u00fbs au stress.Elle est reconnue comme b\u00e9n\u00e9fique et pr\u00e9ventiveElle apporte le bien-\u00eatre physique et mental, rassure, soulage, r\u00e9conforte et apaise.Pratique indispensable [&hellip;]<\/p>\n","protected":false},"author":1,"featured_media":0,"parent":0,"menu_order":0,"comment_status":"closed","ping_status":"closed","template":"page-templates\/template-pagebuilder-full-width.php","meta":{"om_disable_all_campaigns":false,"_monsterinsights_skip_tracking":false,"_monsterinsights_sitenote_active":false,"_monsterinsights_sitenote_note":"","_monsterinsights_sitenote_category":0,"footnotes":""},"class_list":["post-422","page","type-page","status-publish","hentry"],"_links":{"self":[{"href":"https:\/\/fcalorient.fr\/index.php\/wp-json\/wp\/v2\/pages\/422","targetHints":{"allow":["GET"]}}],"collection":[{"href":"https:\/\/fcalorient.fr\/index.php\/wp-json\/wp\/v2\/pages"}],"about":[{"href":"https:\/\/fcalorient.fr\/index.php\/wp-json\/wp\/v2\/types\/page"}],"author":[{"embeddable":true,"href":"https:\/\/fcalorient.fr\/index.php\/wp-json\/wp\/v2\/users\/1"}],"replies":[{"embeddable":true,"href":"https:\/\/fcalorient.fr\/index.php\/wp-json\/wp\/v2\/comments?post=422"}],"version-history":[{"count":11,"href":"https:\/\/fcalorient.fr\/index.php\/wp-json\/wp\/v2\/pages\/422\/revisions"}],"predecessor-version":[{"id":884,"href":"https:\/\/fcalorient.fr\/index.php\/wp-json\/wp\/v2\/pages\/422\/revisions\/884"}],"wp:attachment":[{"href":"https:\/\/fcalorient.fr\/index.php\/wp-json\/wp\/v2\/media?parent=422"}],"curies":[{"name":"wp","href":"https:\/\/api.w.org\/{rel}","templated":true}]}}