{"id":416,"date":"2022-10-06T08:59:08","date_gmt":"2022-10-06T08:59:08","guid":{"rendered":"https:\/\/fcalorient.fr\/?page_id=416"},"modified":"2022-10-10T16:29:31","modified_gmt":"2022-10-10T16:29:31","slug":"elementor-416","status":"publish","type":"page","link":"https:\/\/fcalorient.fr\/index.php\/elementor-416\/","title":{"rendered":"Activit\u00e9 Scrabble"},"content":{"rendered":"\t\t<div data-elementor-type=\"wp-page\" data-elementor-id=\"416\" class=\"elementor elementor-416\">\n\t\t\t\t\t\t<section class=\"elementor-section elementor-top-section elementor-element elementor-element-5a82f531 elementor-section-boxed elementor-section-height-default elementor-section-height-default\" data-id=\"5a82f531\" data-element_type=\"section\" data-e-type=\"section\">\n\t\t\t\t\t\t<div class=\"elementor-container elementor-column-gap-default\">\n\t\t\t\t\t<div class=\"elementor-column elementor-col-100 elementor-top-column elementor-element elementor-element-38c2132b\" data-id=\"38c2132b\" data-element_type=\"column\" data-e-type=\"column\">\n\t\t\t<div class=\"elementor-widget-wrap elementor-element-populated\">\n\t\t\t\t\t\t<div class=\"elementor-element elementor-element-17d1e58b elementor-widget elementor-widget-heading\" data-id=\"17d1e58b\" data-element_type=\"widget\" data-e-type=\"widget\" data-widget_type=\"heading.default\">\n\t\t\t\t<div class=\"elementor-widget-container\">\n\t\t\t\t\t<h2 class=\"elementor-heading-title elementor-size-default\">SCRABBLE<\/h2>\t\t\t\t<\/div>\n\t\t\t\t<\/div>\n\t\t\t\t\t<\/div>\n\t\t<\/div>\n\t\t\t\t\t<\/div>\n\t\t<\/section>\n\t\t\t\t<section class=\"elementor-section elementor-top-section elementor-element elementor-element-5436f949 elementor-section-boxed elementor-section-height-default elementor-section-height-default\" data-id=\"5436f949\" data-element_type=\"section\" data-e-type=\"section\">\n\t\t\t\t\t\t<div class=\"elementor-container elementor-column-gap-default\">\n\t\t\t\t\t<div class=\"elementor-column elementor-col-16 elementor-top-column elementor-element elementor-element-7bd91022\" data-id=\"7bd91022\" data-element_type=\"column\" data-e-type=\"column\">\n\t\t\t<div class=\"elementor-widget-wrap elementor-element-populated\">\n\t\t\t\t\t\t<div class=\"elementor-element elementor-element-2d75ffe7 elementor-widget elementor-widget-image\" data-id=\"2d75ffe7\" data-element_type=\"widget\" data-e-type=\"widget\" data-widget_type=\"image.default\">\n\t\t\t\t<div class=\"elementor-widget-container\">\n\t\t\t\t\t\t\t\t\t\t\t\t\t\t\t<img fetchpriority=\"high\" decoding=\"async\" width=\"664\" height=\"443\" src=\"https:\/\/fcalorient.fr\/wp-content\/uploads\/2022\/10\/scrabble_jeu.jpg\" class=\"attachment-large size-large wp-image-269\" alt=\"\" srcset=\"https:\/\/fcalorient.fr\/wp-content\/uploads\/2022\/10\/scrabble_jeu.jpg 664w, https:\/\/fcalorient.fr\/wp-content\/uploads\/2022\/10\/scrabble_jeu-300x200.jpg 300w, https:\/\/fcalorient.fr\/wp-content\/uploads\/2022\/10\/scrabble_jeu-360x240.jpg 360w\" sizes=\"(max-width: 664px) 100vw, 664px\" \/>\t\t\t\t\t\t\t\t\t\t\t\t\t\t\t<\/div>\n\t\t\t\t<\/div>\n\t\t\t\t\t<\/div>\n\t\t<\/div>\n\t\t\t\t<div class=\"elementor-column elementor-col-66 elementor-top-column elementor-element elementor-element-39e1dc6a\" data-id=\"39e1dc6a\" data-element_type=\"column\" data-e-type=\"column\">\n\t\t\t<div class=\"elementor-widget-wrap elementor-element-populated\">\n\t\t\t\t\t\t<div class=\"elementor-element elementor-element-21f57bcd elementor-widget elementor-widget-text-editor\" data-id=\"21f57bcd\" data-element_type=\"widget\" data-e-type=\"widget\" data-widget_type=\"text-editor.default\">\n\t\t\t\t<div class=\"elementor-widget-container\">\n\t\t\t\t\t\t\t\t\t<h6 style=\"text-align: center;\"><strong><span style=\"color: #0000ff;\">Qu&rsquo;est-ce -que le Scrabble ?<\/span><\/strong><\/h6><h6 style=\"text-align: center;\"><span>Le\u00a0<\/span><b>Scrabble<\/b><span>\u00a0<span style=\"color: #ff0000;\">(<\/span><\/span><span style=\"color: #ff0000;\"><a href=\"https:\/\/fr.wikipedia.org\/wiki\/Marque_commerciale\" class=\"mw-redirect\" title=\"Marque commerciale\" style=\"color: #ff0000;\">marque d\u00e9pos\u00e9e<\/a><\/span><span><span style=\"color: #ff0000;\">)<\/span> <span style=\"color: #333333;\">est un\u00a0<\/span><\/span><span style=\"color: #333333;\"><a href=\"https:\/\/fr.wikipedia.org\/wiki\/Jeu_de_soci%C3%A9t%C3%A9\" title=\"Jeu de soci\u00e9t\u00e9\" style=\"color: #333333;\">jeu de soci\u00e9t\u00e9<\/a>\u00a0et un\u00a0<a href=\"https:\/\/fr.wikipedia.org\/wiki\/Jeu_de_lettres\" title=\"Jeu de lettres\" style=\"color: #333333;\">jeu de lettres<\/a>\u00a0o\u00f9 l&rsquo;objectif est de cumuler des points, sur la base de tirages al\u00e9atoires de lettres, en cr\u00e9ant des mots sur une grille carr\u00e9e, dont certaines cases sont prim\u00e9es.<\/span><\/h6><h6 style=\"text-align: center;\"><span style=\"color: #333333;\">Le jeu a \u00e9t\u00e9 cr\u00e9\u00e9 en 1931 par un architecte newyorkais Alfred Mosher Butts.<\/span><\/h6><h6 style=\"text-align: center;\"><span style=\"color: #333333;\">Comment jouer au Scrabble ?<\/span><\/h6><h6 style=\"text-align: center;\"><span style=\"color: #333333;\">Chaque joueur tire sept lettres et pose \u00e0 tour de r\u00f4le une ou plusieurs lettres de mani\u00e8re \u00e0 former de nouveaux mots sur la grille, horizontalement ou verticalement. Il n&rsquo;est pas admis de poser un mot en diagonale. Le premier mot doit faire au moins deux lettres et recouvrir la case centrale (souvent mat\u00e9rialis\u00e9e par une \u00e9toile) et les mots suivants doivent s&rsquo;appuyer sur des mots d\u00e9j\u00e0 plac\u00e9s, \u00e0 la mani\u00e8re des mots crois\u00e9s.<\/span><\/h6>\t\t\t\t\t\t\t\t<\/div>\n\t\t\t\t<\/div>\n\t\t\t\t\t<\/div>\n\t\t<\/div>\n\t\t\t\t<div class=\"elementor-column elementor-col-16 elementor-top-column elementor-element elementor-element-13d7c8d3\" data-id=\"13d7c8d3\" data-element_type=\"column\" data-e-type=\"column\">\n\t\t\t<div class=\"elementor-widget-wrap elementor-element-populated\">\n\t\t\t\t\t\t<div class=\"elementor-element elementor-element-33fbbed0 elementor-widget elementor-widget-image\" data-id=\"33fbbed0\" data-element_type=\"widget\" data-e-type=\"widget\" data-widget_type=\"image.default\">\n\t\t\t\t<div class=\"elementor-widget-container\">\n\t\t\t\t\t\t\t\t\t\t\t\t\t\t\t<img decoding=\"async\" width=\"321\" height=\"321\" src=\"https:\/\/fcalorient.fr\/wp-content\/uploads\/2022\/10\/Scrabble_termine.jpg\" class=\"attachment-large size-large wp-image-270\" alt=\"\" srcset=\"https:\/\/fcalorient.fr\/wp-content\/uploads\/2022\/10\/Scrabble_termine.jpg 321w, https:\/\/fcalorient.fr\/wp-content\/uploads\/2022\/10\/Scrabble_termine-300x300.jpg 300w, https:\/\/fcalorient.fr\/wp-content\/uploads\/2022\/10\/Scrabble_termine-150x150.jpg 150w\" sizes=\"(max-width: 321px) 100vw, 321px\" \/>\t\t\t\t\t\t\t\t\t\t\t\t\t\t\t<\/div>\n\t\t\t\t<\/div>\n\t\t\t\t\t<\/div>\n\t\t<\/div>\n\t\t\t\t\t<\/div>\n\t\t<\/section>\n\t\t\t\t<section class=\"elementor-section elementor-top-section elementor-element elementor-element-3e3a9cf5 elementor-section-boxed elementor-section-height-default elementor-section-height-default\" data-id=\"3e3a9cf5\" data-element_type=\"section\" data-e-type=\"section\">\n\t\t\t\t\t\t<div class=\"elementor-container elementor-column-gap-default\">\n\t\t\t\t\t<div class=\"elementor-column elementor-col-100 elementor-top-column elementor-element elementor-element-2eb943fd\" data-id=\"2eb943fd\" data-element_type=\"column\" data-e-type=\"column\">\n\t\t\t<div class=\"elementor-widget-wrap elementor-element-populated\">\n\t\t\t\t\t\t<div class=\"elementor-element elementor-element-5c8dae44 elementor-widget-divider--separator-type-pattern elementor-widget-divider--no-spacing elementor-widget-divider--view-line elementor-widget elementor-widget-divider\" data-id=\"5c8dae44\" data-element_type=\"widget\" data-e-type=\"widget\" data-widget_type=\"divider.default\">\n\t\t\t\t<div class=\"elementor-widget-container\">\n\t\t\t\t\t\t\t<div class=\"elementor-divider\" style=\"--divider-pattern-url: url(&quot;data:image\/svg+xml,%3Csvg xmlns=&#039;http:\/\/www.w3.org\/2000\/svg&#039; preserveAspectRatio=&#039;xMidYMid meet&#039; overflow=&#039;visible&#039; height=&#039;100%&#039; viewBox=&#039;0 0 120 26&#039; fill=&#039;black&#039; stroke=&#039;none&#039;%3E%3Cpath d=&#039;M54,1.6V26h-9V2.5L54,1.6z M69,1.6v23.3L60,26V1.6H69z M24,1.6v23.5l-9-0.6V1.6H24z M30,0l9,0.7v24.5h-9V0z M9,2.5v22H0V3.7L9,2.5z M75,1.6l9,0.9v22h-9V1.6z M99,2.7v21.7h-9V3.8L99,2.7z M114,3.8v20.7l-9-0.5V3.8L114,3.8z&#039;\/%3E%3C\/svg%3E&quot;);\">\n\t\t\t<span class=\"elementor-divider-separator\">\n\t\t\t\t\t\t<\/span>\n\t\t<\/div>\n\t\t\t\t\t\t<\/div>\n\t\t\t\t<\/div>\n\t\t\t\t\t<\/div>\n\t\t<\/div>\n\t\t\t\t\t<\/div>\n\t\t<\/section>\n\t\t\t\t<section class=\"elementor-section elementor-top-section elementor-element elementor-element-403b5e09 elementor-section-boxed elementor-section-height-default elementor-section-height-default\" data-id=\"403b5e09\" data-element_type=\"section\" data-e-type=\"section\">\n\t\t\t\t\t\t<div class=\"elementor-container elementor-column-gap-default\">\n\t\t\t\t\t<div class=\"elementor-column elementor-col-25 elementor-top-column elementor-element elementor-element-361c4ac8\" data-id=\"361c4ac8\" data-element_type=\"column\" data-e-type=\"column\">\n\t\t\t<div class=\"elementor-widget-wrap elementor-element-populated\">\n\t\t\t\t\t\t<div class=\"elementor-element elementor-element-38c6b56f elementor-widget elementor-widget-image\" data-id=\"38c6b56f\" data-element_type=\"widget\" data-e-type=\"widget\" data-widget_type=\"image.default\">\n\t\t\t\t<div class=\"elementor-widget-container\">\n\t\t\t\t\t\t\t\t\t\t\t\t<figure class=\"wp-caption\">\n\t\t\t\t\t\t\t\t\t\t<img decoding=\"async\" width=\"750\" height=\"501\" src=\"https:\/\/fcalorient.fr\/wp-content\/uploads\/2022\/10\/scrabble4.jpeg\" class=\"attachment-large size-large wp-image-271\" alt=\"\" srcset=\"https:\/\/fcalorient.fr\/wp-content\/uploads\/2022\/10\/scrabble4.jpeg 1024w, https:\/\/fcalorient.fr\/wp-content\/uploads\/2022\/10\/scrabble4-300x200.jpeg 300w, https:\/\/fcalorient.fr\/wp-content\/uploads\/2022\/10\/scrabble4-768x513.jpeg 768w, https:\/\/fcalorient.fr\/wp-content\/uploads\/2022\/10\/scrabble4-360x240.jpeg 360w\" sizes=\"(max-width: 750px) 100vw, 750px\" \/>\t\t\t\t\t\t\t\t\t\t\t<figcaption class=\"widget-image-caption wp-caption-text\">Pendant le jeu<\/figcaption>\n\t\t\t\t\t\t\t\t\t\t<\/figure>\n\t\t\t\t\t\t\t\t\t<\/div>\n\t\t\t\t<\/div>\n\t\t\t\t\t<\/div>\n\t\t<\/div>\n\t\t\t\t<div class=\"elementor-column elementor-col-50 elementor-top-column elementor-element elementor-element-249bb156\" data-id=\"249bb156\" data-element_type=\"column\" data-e-type=\"column\">\n\t\t\t<div class=\"elementor-widget-wrap elementor-element-populated\">\n\t\t\t\t\t\t<div class=\"elementor-element elementor-element-2457c0d6 elementor-widget elementor-widget-text-editor\" data-id=\"2457c0d6\" data-element_type=\"widget\" data-e-type=\"widget\" data-widget_type=\"text-editor.default\">\n\t\t\t\t<div class=\"elementor-widget-container\">\n\t\t\t\t\t\t\t\t\t<h6 style=\"text-align: center;\"><strong><span style=\"color: #0000ff;\">Paroles de l&rsquo;animatrice<\/span><\/strong><\/h6><h6 class=\"paragraph_style\" style=\"text-align: left;\">Cette section apporte autonomie, bien-\u00eatre et aide beaucoup les seniors tant sur le plan moral que physique.<\/h6><h6 class=\"paragraph_style\" style=\"text-align: left;\">Les exercices tiennent compte des capacit\u00e9s de chacun et permettent \u00e0 tous de se retrouver dans la bonne humeur.<\/h6><h6 class=\"paragraph_style\" style=\"text-align: left;\">En d\u00e9but de s\u00e9ance, le jeudi, a lieu une distribution de petits cartons de couleur qui formeront les \u00e9quipes. La s\u00e9ance, se terminant vers 16h30 ou 17h selon le cas. Le nombre de participants varie suivant les ann\u00e9es surtout depuis 2 ans mais cette saison, nous avons 13 inscrits.<\/h6><h6 style=\"text-align: left;\">Pour plus de convivialit\u00e9, nous faisons une pause vers 16h pour un caf\u00e9, th\u00e9 accompagn\u00e9 d&rsquo;un g\u00e2teau apport\u00e9 \u00e0 tour de r\u00f4le par les participants, ce qui rend ce moment plus sympathique. La bonne ambiance y est toujours de mise<\/h6>\t\t\t\t\t\t\t\t<\/div>\n\t\t\t\t<\/div>\n\t\t\t\t\t<\/div>\n\t\t<\/div>\n\t\t\t\t<div class=\"elementor-column elementor-col-25 elementor-top-column elementor-element elementor-element-564e986e\" data-id=\"564e986e\" data-element_type=\"column\" data-e-type=\"column\">\n\t\t\t<div class=\"elementor-widget-wrap elementor-element-populated\">\n\t\t\t\t\t\t<div class=\"elementor-element elementor-element-2581d90c elementor-widget elementor-widget-image\" data-id=\"2581d90c\" data-element_type=\"widget\" data-e-type=\"widget\" data-widget_type=\"image.default\">\n\t\t\t\t<div class=\"elementor-widget-container\">\n\t\t\t\t\t\t\t\t\t\t\t\t<figure class=\"wp-caption\">\n\t\t\t\t\t\t\t\t\t\t<img loading=\"lazy\" decoding=\"async\" width=\"750\" height=\"401\" src=\"https:\/\/fcalorient.fr\/wp-content\/uploads\/2022\/10\/scrabble_pause.jpeg\" class=\"attachment-large size-large wp-image-272\" alt=\"\" srcset=\"https:\/\/fcalorient.fr\/wp-content\/uploads\/2022\/10\/scrabble_pause.jpeg 1024w, https:\/\/fcalorient.fr\/wp-content\/uploads\/2022\/10\/scrabble_pause-300x161.jpeg 300w, https:\/\/fcalorient.fr\/wp-content\/uploads\/2022\/10\/scrabble_pause-768x411.jpeg 768w\" sizes=\"(max-width: 750px) 100vw, 750px\" \/>\t\t\t\t\t\t\t\t\t\t\t<figcaption class=\"widget-image-caption wp-caption-text\">Pendant la pause<\/figcaption>\n\t\t\t\t\t\t\t\t\t\t<\/figure>\n\t\t\t\t\t\t\t\t\t<\/div>\n\t\t\t\t<\/div>\n\t\t\t\t\t<\/div>\n\t\t<\/div>\n\t\t\t\t\t<\/div>\n\t\t<\/section>\n\t\t\t\t<section class=\"elementor-section elementor-top-section elementor-element elementor-element-7f928290 elementor-section-boxed elementor-section-height-default elementor-section-height-default\" data-id=\"7f928290\" data-element_type=\"section\" data-e-type=\"section\">\n\t\t\t\t\t\t<div class=\"elementor-container elementor-column-gap-default\">\n\t\t\t\t\t<div class=\"elementor-column elementor-col-100 elementor-top-column elementor-element elementor-element-6a550daf\" data-id=\"6a550daf\" data-element_type=\"column\" data-e-type=\"column\">\n\t\t\t<div class=\"elementor-widget-wrap elementor-element-populated\">\n\t\t\t\t\t\t<div class=\"elementor-element elementor-element-e3cc0cf elementor-widget elementor-widget-spacer\" data-id=\"e3cc0cf\" data-element_type=\"widget\" data-e-type=\"widget\" data-widget_type=\"spacer.default\">\n\t\t\t\t<div class=\"elementor-widget-container\">\n\t\t\t\t\t\t\t<div class=\"elementor-spacer\">\n\t\t\t<div class=\"elementor-spacer-inner\"><\/div>\n\t\t<\/div>\n\t\t\t\t\t\t<\/div>\n\t\t\t\t<\/div>\n\t\t\t\t\t<\/div>\n\t\t<\/div>\n\t\t\t\t\t<\/div>\n\t\t<\/section>\n\t\t\t\t<section class=\"elementor-section elementor-top-section elementor-element elementor-element-26920db6 elementor-section-boxed elementor-section-height-default elementor-section-height-default\" data-id=\"26920db6\" data-element_type=\"section\" data-e-type=\"section\">\n\t\t\t\t\t\t<div class=\"elementor-container elementor-column-gap-default\">\n\t\t\t\t\t<div class=\"elementor-column elementor-col-33 elementor-top-column elementor-element elementor-element-580b166e\" data-id=\"580b166e\" data-element_type=\"column\" data-e-type=\"column\">\n\t\t\t<div class=\"elementor-widget-wrap elementor-element-populated\">\n\t\t\t\t\t\t<div class=\"elementor-element elementor-element-47fc47b3 elementor-widget elementor-widget-image\" data-id=\"47fc47b3\" data-element_type=\"widget\" data-e-type=\"widget\" data-widget_type=\"image.default\">\n\t\t\t\t<div class=\"elementor-widget-container\">\n\t\t\t\t\t\t\t\t\t\t\t\t\t\t\t<img loading=\"lazy\" decoding=\"async\" width=\"750\" height=\"500\" src=\"https:\/\/fcalorient.fr\/wp-content\/uploads\/2022\/10\/scrabble2.jpeg\" class=\"attachment-large size-large wp-image-273\" alt=\"\" srcset=\"https:\/\/fcalorient.fr\/wp-content\/uploads\/2022\/10\/scrabble2.jpeg 1024w, https:\/\/fcalorient.fr\/wp-content\/uploads\/2022\/10\/scrabble2-300x200.jpeg 300w, https:\/\/fcalorient.fr\/wp-content\/uploads\/2022\/10\/scrabble2-768x512.jpeg 768w, https:\/\/fcalorient.fr\/wp-content\/uploads\/2022\/10\/scrabble2-360x240.jpeg 360w\" sizes=\"(max-width: 750px) 100vw, 750px\" \/>\t\t\t\t\t\t\t\t\t\t\t\t\t\t\t<\/div>\n\t\t\t\t<\/div>\n\t\t\t\t\t<\/div>\n\t\t<\/div>\n\t\t\t\t<div class=\"elementor-column elementor-col-33 elementor-top-column elementor-element elementor-element-70f2c5c0\" data-id=\"70f2c5c0\" data-element_type=\"column\" data-e-type=\"column\">\n\t\t\t<div class=\"elementor-widget-wrap elementor-element-populated\">\n\t\t\t\t\t\t<div class=\"elementor-element elementor-element-33293e5 elementor-widget elementor-widget-image\" data-id=\"33293e5\" data-element_type=\"widget\" data-e-type=\"widget\" data-widget_type=\"image.default\">\n\t\t\t\t<div class=\"elementor-widget-container\">\n\t\t\t\t\t\t\t\t\t\t\t\t\t\t\t<img loading=\"lazy\" decoding=\"async\" width=\"750\" height=\"500\" src=\"https:\/\/fcalorient.fr\/wp-content\/uploads\/2022\/10\/scrabble1.jpeg\" class=\"attachment-large size-large wp-image-274\" alt=\"\" srcset=\"https:\/\/fcalorient.fr\/wp-content\/uploads\/2022\/10\/scrabble1.jpeg 1024w, https:\/\/fcalorient.fr\/wp-content\/uploads\/2022\/10\/scrabble1-300x200.jpeg 300w, https:\/\/fcalorient.fr\/wp-content\/uploads\/2022\/10\/scrabble1-768x512.jpeg 768w, https:\/\/fcalorient.fr\/wp-content\/uploads\/2022\/10\/scrabble1-360x240.jpeg 360w\" sizes=\"(max-width: 750px) 100vw, 750px\" \/>\t\t\t\t\t\t\t\t\t\t\t\t\t\t\t<\/div>\n\t\t\t\t<\/div>\n\t\t\t\t\t<\/div>\n\t\t<\/div>\n\t\t\t\t<div class=\"elementor-column elementor-col-33 elementor-top-column elementor-element elementor-element-7cdfa8f0\" data-id=\"7cdfa8f0\" data-element_type=\"column\" data-e-type=\"column\">\n\t\t\t<div class=\"elementor-widget-wrap elementor-element-populated\">\n\t\t\t\t\t\t<div class=\"elementor-element elementor-element-47319010 elementor-widget elementor-widget-image\" data-id=\"47319010\" data-element_type=\"widget\" data-e-type=\"widget\" data-widget_type=\"image.default\">\n\t\t\t\t<div class=\"elementor-widget-container\">\n\t\t\t\t\t\t\t\t\t\t\t\t\t\t\t<img loading=\"lazy\" decoding=\"async\" width=\"750\" height=\"500\" src=\"https:\/\/fcalorient.fr\/wp-content\/uploads\/2022\/10\/scrabble3.jpeg\" class=\"attachment-large size-large wp-image-275\" alt=\"\" srcset=\"https:\/\/fcalorient.fr\/wp-content\/uploads\/2022\/10\/scrabble3.jpeg 1024w, https:\/\/fcalorient.fr\/wp-content\/uploads\/2022\/10\/scrabble3-300x200.jpeg 300w, https:\/\/fcalorient.fr\/wp-content\/uploads\/2022\/10\/scrabble3-768x512.jpeg 768w, https:\/\/fcalorient.fr\/wp-content\/uploads\/2022\/10\/scrabble3-360x240.jpeg 360w\" sizes=\"(max-width: 750px) 100vw, 750px\" \/>\t\t\t\t\t\t\t\t\t\t\t\t\t\t\t<\/div>\n\t\t\t\t<\/div>\n\t\t\t\t\t<\/div>\n\t\t<\/div>\n\t\t\t\t\t<\/div>\n\t\t<\/section>\n\t\t\t\t<section class=\"elementor-section elementor-top-section elementor-element elementor-element-40fc957 elementor-section-boxed elementor-section-height-default elementor-section-height-default\" data-id=\"40fc957\" data-element_type=\"section\" data-e-type=\"section\">\n\t\t\t\t\t\t<div class=\"elementor-container elementor-column-gap-default\">\n\t\t\t\t\t<div class=\"elementor-column elementor-col-100 elementor-top-column elementor-element elementor-element-2a04abf3\" data-id=\"2a04abf3\" data-element_type=\"column\" data-e-type=\"column\">\n\t\t\t<div class=\"elementor-widget-wrap elementor-element-populated\">\n\t\t\t\t\t\t<div class=\"elementor-element elementor-element-73964aaa elementor-widget elementor-widget-spacer\" data-id=\"73964aaa\" data-element_type=\"widget\" data-e-type=\"widget\" data-widget_type=\"spacer.default\">\n\t\t\t\t<div class=\"elementor-widget-container\">\n\t\t\t\t\t\t\t<div class=\"elementor-spacer\">\n\t\t\t<div class=\"elementor-spacer-inner\"><\/div>\n\t\t<\/div>\n\t\t\t\t\t\t<\/div>\n\t\t\t\t<\/div>\n\t\t\t\t\t<\/div>\n\t\t<\/div>\n\t\t\t\t\t<\/div>\n\t\t<\/section>\n\t\t\t\t<section class=\"elementor-section elementor-top-section elementor-element elementor-element-1b85d25a elementor-section-boxed elementor-section-height-default elementor-section-height-default\" data-id=\"1b85d25a\" data-element_type=\"section\" data-e-type=\"section\">\n\t\t\t\t\t\t<div class=\"elementor-container elementor-column-gap-default\">\n\t\t\t\t\t<div class=\"elementor-column elementor-col-100 elementor-top-column elementor-element elementor-element-6718cbc7\" data-id=\"6718cbc7\" data-element_type=\"column\" data-e-type=\"column\">\n\t\t\t<div class=\"elementor-widget-wrap elementor-element-populated\">\n\t\t\t\t\t\t<div class=\"elementor-element elementor-element-69047ba3 elementor-align-center elementor-widget elementor-widget-button\" data-id=\"69047ba3\" data-element_type=\"widget\" data-e-type=\"widget\" data-widget_type=\"button.default\">\n\t\t\t\t<div class=\"elementor-widget-container\">\n\t\t\t\t\t\t\t\t\t<div class=\"elementor-button-wrapper\">\n\t\t\t\t\t<a class=\"elementor-button elementor-button-link elementor-size-sm\" href=\"https:\/\/fcalorient.fr\/index.php\/elementor-549\/\">\n\t\t\t\t\t\t<span class=\"elementor-button-content-wrapper\">\n\t\t\t\t\t\t\t\t\t<span class=\"elementor-button-text\">Votre animatrice <\/span>\n\t\t\t\t\t<\/span>\n\t\t\t\t\t<\/a>\n\t\t\t\t<\/div>\n\t\t\t\t\t\t\t\t<\/div>\n\t\t\t\t<\/div>\n\t\t\t\t\t<\/div>\n\t\t<\/div>\n\t\t\t\t\t<\/div>\n\t\t<\/section>\n\t\t\t\t<\/div>\n\t\t","protected":false},"excerpt":{"rendered":"<p>SCRABBLE Qu&rsquo;est-ce -que le Scrabble ? Le\u00a0Scrabble\u00a0(marque d\u00e9pos\u00e9e) est un\u00a0jeu de soci\u00e9t\u00e9\u00a0et un\u00a0jeu de lettres\u00a0o\u00f9 l&rsquo;objectif est de cumuler des points, sur la base de tirages al\u00e9atoires de lettres, en cr\u00e9ant des mots sur une grille carr\u00e9e, dont certaines cases sont prim\u00e9es. Le jeu a \u00e9t\u00e9 cr\u00e9\u00e9 en 1931 par [&hellip;]<\/p>\n","protected":false},"author":1,"featured_media":0,"parent":0,"menu_order":0,"comment_status":"closed","ping_status":"closed","template":"page-templates\/template-pagebuilder-full-width.php","meta":{"om_disable_all_campaigns":false,"_monsterinsights_skip_tracking":false,"_monsterinsights_sitenote_active":false,"_monsterinsights_sitenote_note":"","_monsterinsights_sitenote_category":0,"footnotes":""},"class_list":["post-416","page","type-page","status-publish","hentry"],"_links":{"self":[{"href":"https:\/\/fcalorient.fr\/index.php\/wp-json\/wp\/v2\/pages\/416","targetHints":{"allow":["GET"]}}],"collection":[{"href":"https:\/\/fcalorient.fr\/index.php\/wp-json\/wp\/v2\/pages"}],"about":[{"href":"https:\/\/fcalorient.fr\/index.php\/wp-json\/wp\/v2\/types\/page"}],"author":[{"embeddable":true,"href":"https:\/\/fcalorient.fr\/index.php\/wp-json\/wp\/v2\/users\/1"}],"replies":[{"embeddable":true,"href":"https:\/\/fcalorient.fr\/index.php\/wp-json\/wp\/v2\/comments?post=416"}],"version-history":[{"count":8,"href":"https:\/\/fcalorient.fr\/index.php\/wp-json\/wp\/v2\/pages\/416\/revisions"}],"predecessor-version":[{"id":603,"href":"https:\/\/fcalorient.fr\/index.php\/wp-json\/wp\/v2\/pages\/416\/revisions\/603"}],"wp:attachment":[{"href":"https:\/\/fcalorient.fr\/index.php\/wp-json\/wp\/v2\/media?parent=416"}],"curies":[{"name":"wp","href":"https:\/\/api.w.org\/{rel}","templated":true}]}}