{"id":410,"date":"2022-10-06T08:57:58","date_gmt":"2022-10-06T08:57:58","guid":{"rendered":"https:\/\/fcalorient.fr\/?page_id=410"},"modified":"2022-10-10T16:32:52","modified_gmt":"2022-10-10T16:32:52","slug":"elementor-410","status":"publish","type":"page","link":"https:\/\/fcalorient.fr\/index.php\/elementor-410\/","title":{"rendered":"Activit\u00e9 Remue-M\u00e9ninges"},"content":{"rendered":"\t\t<div data-elementor-type=\"wp-page\" data-elementor-id=\"410\" class=\"elementor elementor-410\">\n\t\t\t\t\t\t<section class=\"elementor-section elementor-top-section elementor-element elementor-element-18605d5e elementor-section-boxed elementor-section-height-default elementor-section-height-default\" data-id=\"18605d5e\" data-element_type=\"section\" data-e-type=\"section\">\n\t\t\t\t\t\t<div class=\"elementor-container elementor-column-gap-default\">\n\t\t\t\t\t<div class=\"elementor-column elementor-col-100 elementor-top-column elementor-element elementor-element-6bc1a7b3\" data-id=\"6bc1a7b3\" data-element_type=\"column\" data-e-type=\"column\">\n\t\t\t<div class=\"elementor-widget-wrap elementor-element-populated\">\n\t\t\t\t\t\t<div class=\"elementor-element elementor-element-14ca7692 elementor-widget elementor-widget-heading\" data-id=\"14ca7692\" data-element_type=\"widget\" data-e-type=\"widget\" data-widget_type=\"heading.default\">\n\t\t\t\t<div class=\"elementor-widget-container\">\n\t\t\t\t\t<h2 class=\"elementor-heading-title elementor-size-default\">REMUE-MENINGES<\/h2>\t\t\t\t<\/div>\n\t\t\t\t<\/div>\n\t\t\t\t\t<\/div>\n\t\t<\/div>\n\t\t\t\t\t<\/div>\n\t\t<\/section>\n\t\t\t\t<section class=\"elementor-section elementor-top-section elementor-element elementor-element-7fb9d1ef elementor-section-boxed elementor-section-height-default elementor-section-height-default\" data-id=\"7fb9d1ef\" data-element_type=\"section\" data-e-type=\"section\">\n\t\t\t\t\t\t<div class=\"elementor-container elementor-column-gap-default\">\n\t\t\t\t\t<div class=\"elementor-column elementor-col-50 elementor-top-column elementor-element elementor-element-5757df81\" data-id=\"5757df81\" data-element_type=\"column\" data-e-type=\"column\">\n\t\t\t<div class=\"elementor-widget-wrap elementor-element-populated\">\n\t\t\t\t\t\t<div class=\"elementor-element elementor-element-e0a77ca elementor-widget elementor-widget-image\" data-id=\"e0a77ca\" data-element_type=\"widget\" data-e-type=\"widget\" data-widget_type=\"image.default\">\n\t\t\t\t<div class=\"elementor-widget-container\">\n\t\t\t\t\t\t\t\t\t\t\t\t\t\t\t<img fetchpriority=\"high\" decoding=\"async\" width=\"300\" height=\"241\" src=\"https:\/\/fcalorient.fr\/wp-content\/uploads\/2022\/10\/dictee-300x241.gif\" class=\"attachment-medium size-medium wp-image-263\" alt=\"\" \/>\t\t\t\t\t\t\t\t\t\t\t\t\t\t\t<\/div>\n\t\t\t\t<\/div>\n\t\t\t\t\t<\/div>\n\t\t<\/div>\n\t\t\t\t<div class=\"elementor-column elementor-col-50 elementor-top-column elementor-element elementor-element-20504e88\" data-id=\"20504e88\" data-element_type=\"column\" data-e-type=\"column\">\n\t\t\t<div class=\"elementor-widget-wrap elementor-element-populated\">\n\t\t\t\t\t\t<div class=\"elementor-element elementor-element-adeba8c elementor-widget elementor-widget-image\" data-id=\"adeba8c\" data-element_type=\"widget\" data-e-type=\"widget\" data-widget_type=\"image.default\">\n\t\t\t\t<div class=\"elementor-widget-container\">\n\t\t\t\t\t\t\t\t\t\t\t\t\t\t\t<img decoding=\"async\" width=\"298\" height=\"431\" src=\"https:\/\/fcalorient.fr\/wp-content\/uploads\/2022\/10\/ecriture-2.jpg\" class=\"attachment-large size-large wp-image-264\" alt=\"\" srcset=\"https:\/\/fcalorient.fr\/wp-content\/uploads\/2022\/10\/ecriture-2.jpg 298w, https:\/\/fcalorient.fr\/wp-content\/uploads\/2022\/10\/ecriture-2-207x300.jpg 207w\" sizes=\"(max-width: 298px) 100vw, 298px\" \/>\t\t\t\t\t\t\t\t\t\t\t\t\t\t\t<\/div>\n\t\t\t\t<\/div>\n\t\t\t\t\t<\/div>\n\t\t<\/div>\n\t\t\t\t\t<\/div>\n\t\t<\/section>\n\t\t\t\t<section class=\"elementor-section elementor-top-section elementor-element elementor-element-74526de6 elementor-section-boxed elementor-section-height-default elementor-section-height-default\" data-id=\"74526de6\" data-element_type=\"section\" data-e-type=\"section\">\n\t\t\t\t\t\t<div class=\"elementor-container elementor-column-gap-default\">\n\t\t\t\t\t<div class=\"elementor-column elementor-col-16 elementor-top-column elementor-element elementor-element-6c8438e\" data-id=\"6c8438e\" data-element_type=\"column\" data-e-type=\"column\">\n\t\t\t<div class=\"elementor-widget-wrap\">\n\t\t\t\t\t\t\t<\/div>\n\t\t<\/div>\n\t\t\t\t<div class=\"elementor-column elementor-col-66 elementor-top-column elementor-element elementor-element-1425b2a4\" data-id=\"1425b2a4\" data-element_type=\"column\" data-e-type=\"column\">\n\t\t\t<div class=\"elementor-widget-wrap elementor-element-populated\">\n\t\t\t\t\t\t<div class=\"elementor-element elementor-element-7cb9a24d elementor-widget elementor-widget-text-editor\" data-id=\"7cb9a24d\" data-element_type=\"widget\" data-e-type=\"widget\" data-widget_type=\"text-editor.default\">\n\t\t\t\t<div class=\"elementor-widget-container\">\n\t\t\t\t\t\t\t\t\t<h5 style=\"text-align: center;\">L&rsquo;activit\u00e9 \u00ab\u00a0Remue-M\u00e9ninges\u00a0\u00bb se pratique le 1er, le 3\u00e8me (et le 5\u00e8me\u00a0 vendredi si c&rsquo;est le cas) de chaque mois de 14h30 \u00e0 16h30 environ.<\/h5><h5 style=\"text-align: center;\">Douze personnes ou plus dont 2 messieurs y assistent en g\u00e9n\u00e9ral.<\/h5><h5 style=\"text-align: center;\">Cette activit\u00e9 se compose parfois de l&rsquo;\u00e9criture d&rsquo;articles extraits de journaux (r\u00e9gions, villes), de textes glan\u00e9s \u00e7a et l\u00e0, de dict\u00e9es de BEPC (ann\u00e9e 70), de certificat ou d&rsquo;une dict\u00e9e de Bruno Dervaele, champion du monde d&rsquo;orthographe, choisie parmi les plus faciles ! , de r\u00e8gles de grammaire parfois oubli\u00e9es.<\/h5><h5 style=\"text-align: center;\">Les mots sont \u00e9pel\u00e9s apr\u00e8s une relecture, expliqu\u00e9s si n\u00e9cessaire et chacun corrige sa copie &#8230;\u00a0 puis &#8230; Commentaires !!!<\/h5><h5 style=\"text-align: center;\">Ceci se fait toujours dans la bonne humeur.<\/h5><h5 style=\"text-align: center;\">Moments de d\u00e9tente assur\u00e9e<\/h5>\t\t\t\t\t\t\t\t<\/div>\n\t\t\t\t<\/div>\n\t\t\t\t\t<\/div>\n\t\t<\/div>\n\t\t\t\t<div class=\"elementor-column elementor-col-16 elementor-top-column elementor-element elementor-element-3358f09f\" data-id=\"3358f09f\" data-element_type=\"column\" data-e-type=\"column\">\n\t\t\t<div class=\"elementor-widget-wrap\">\n\t\t\t\t\t\t\t<\/div>\n\t\t<\/div>\n\t\t\t\t\t<\/div>\n\t\t<\/section>\n\t\t\t\t<section class=\"elementor-section elementor-top-section elementor-element elementor-element-6da89c39 elementor-section-boxed elementor-section-height-default elementor-section-height-default\" data-id=\"6da89c39\" data-element_type=\"section\" data-e-type=\"section\">\n\t\t\t\t\t\t<div class=\"elementor-container elementor-column-gap-default\">\n\t\t\t\t\t<div class=\"elementor-column elementor-col-50 elementor-top-column elementor-element elementor-element-1eebbb9\" data-id=\"1eebbb9\" data-element_type=\"column\" data-e-type=\"column\">\n\t\t\t<div class=\"elementor-widget-wrap elementor-element-populated\">\n\t\t\t\t\t\t<div class=\"elementor-element elementor-element-162e270 elementor-widget elementor-widget-image\" data-id=\"162e270\" data-element_type=\"widget\" data-e-type=\"widget\" data-widget_type=\"image.default\">\n\t\t\t\t<div class=\"elementor-widget-container\">\n\t\t\t\t\t\t\t\t\t\t\t\t\t\t\t<img decoding=\"async\" width=\"193\" height=\"300\" src=\"https:\/\/fcalorient.fr\/wp-content\/uploads\/2022\/10\/remuemeninges01-193x300.jpg\" class=\"attachment-medium size-medium wp-image-265\" alt=\"\" srcset=\"https:\/\/fcalorient.fr\/wp-content\/uploads\/2022\/10\/remuemeninges01-193x300.jpg 193w, https:\/\/fcalorient.fr\/wp-content\/uploads\/2022\/10\/remuemeninges01.jpg 360w\" sizes=\"(max-width: 193px) 100vw, 193px\" \/>\t\t\t\t\t\t\t\t\t\t\t\t\t\t\t<\/div>\n\t\t\t\t<\/div>\n\t\t\t\t\t<\/div>\n\t\t<\/div>\n\t\t\t\t<div class=\"elementor-column elementor-col-50 elementor-top-column elementor-element elementor-element-2e4127ee\" data-id=\"2e4127ee\" data-element_type=\"column\" data-e-type=\"column\">\n\t\t\t<div class=\"elementor-widget-wrap elementor-element-populated\">\n\t\t\t\t\t\t<div class=\"elementor-element elementor-element-d2956b4 elementor-widget elementor-widget-image\" data-id=\"d2956b4\" data-element_type=\"widget\" data-e-type=\"widget\" data-widget_type=\"image.default\">\n\t\t\t\t<div class=\"elementor-widget-container\">\n\t\t\t\t\t\t\t\t\t\t\t\t\t\t\t<img loading=\"lazy\" decoding=\"async\" width=\"200\" height=\"300\" src=\"https:\/\/fcalorient.fr\/wp-content\/uploads\/2022\/10\/fotes_ortho-200x300.png\" class=\"attachment-medium size-medium wp-image-266\" alt=\"\" srcset=\"https:\/\/fcalorient.fr\/wp-content\/uploads\/2022\/10\/fotes_ortho-200x300.png 200w, https:\/\/fcalorient.fr\/wp-content\/uploads\/2022\/10\/fotes_ortho-683x1024.png 683w, https:\/\/fcalorient.fr\/wp-content\/uploads\/2022\/10\/fotes_ortho-768x1152.png 768w, https:\/\/fcalorient.fr\/wp-content\/uploads\/2022\/10\/fotes_ortho.png 1000w\" sizes=\"(max-width: 200px) 100vw, 200px\" \/>\t\t\t\t\t\t\t\t\t\t\t\t\t\t\t<\/div>\n\t\t\t\t<\/div>\n\t\t\t\t\t<\/div>\n\t\t<\/div>\n\t\t\t\t\t<\/div>\n\t\t<\/section>\n\t\t\t\t<section class=\"elementor-section elementor-top-section elementor-element elementor-element-9698952 elementor-section-boxed elementor-section-height-default elementor-section-height-default\" data-id=\"9698952\" data-element_type=\"section\" data-e-type=\"section\">\n\t\t\t\t\t\t<div class=\"elementor-container elementor-column-gap-default\">\n\t\t\t\t\t<div class=\"elementor-column elementor-col-16 elementor-top-column elementor-element elementor-element-302182c5\" data-id=\"302182c5\" data-element_type=\"column\" data-e-type=\"column\">\n\t\t\t<div class=\"elementor-widget-wrap\">\n\t\t\t\t\t\t\t<\/div>\n\t\t<\/div>\n\t\t\t\t<div class=\"elementor-column elementor-col-66 elementor-top-column elementor-element elementor-element-1acac168\" data-id=\"1acac168\" data-element_type=\"column\" data-e-type=\"column\">\n\t\t\t<div class=\"elementor-widget-wrap elementor-element-populated\">\n\t\t\t\t\t\t<div class=\"elementor-element elementor-element-10a605be elementor-widget elementor-widget-text-editor\" data-id=\"10a605be\" data-element_type=\"widget\" data-e-type=\"widget\" data-widget_type=\"text-editor.default\">\n\t\t\t\t<div class=\"elementor-widget-container\">\n\t\t\t\t\t\t\t\t\t<h4 style=\"text-align: center;\"><span style=\"text-decoration: underline;\"><strong>Paroles de participante<\/strong><\/span><\/h4><h5 style=\"text-align: center;\">Malgr\u00e9 l&rsquo;appellation de cette activit\u00e9, c&rsquo;est un moment bien divertissant.<\/h5><h5 style=\"text-align: center;\">Des dict\u00e9es courtes et difficiles, des dict\u00e9es longues mais sans pi\u00e8ges, des exercices rigolos, des verbes irr\u00e9guliers.<\/h5><h5 style=\"text-align: center;\">Personne ne se prend la t\u00eate et nous nous amusons &#8230; tu dis, si tu le veux, combien de fautes tu as et nous en rions !<\/h5><h5 style=\"text-align: center;\">A chaque s\u00e9ance, nous apprenons \u00e9norm\u00e9ment.<\/h5><h5 style=\"text-align: center;\">Notre \u00ab\u00a0ma\u00eetresse \u00a0\u00bb Marie-France est fort gentille et elle nous donne des bonbons quand nous nous quittons &#8230; et nous revenons la fois suivante.<\/h5><h5 style=\"text-align: center;\">N&rsquo;est-ce-pas merveilleux que d&rsquo;apprendre en s&rsquo;amusant.<\/h5>\t\t\t\t\t\t\t\t<\/div>\n\t\t\t\t<\/div>\n\t\t\t\t\t<\/div>\n\t\t<\/div>\n\t\t\t\t<div class=\"elementor-column elementor-col-16 elementor-top-column elementor-element elementor-element-3e2c3829\" data-id=\"3e2c3829\" data-element_type=\"column\" data-e-type=\"column\">\n\t\t\t<div class=\"elementor-widget-wrap\">\n\t\t\t\t\t\t\t<\/div>\n\t\t<\/div>\n\t\t\t\t\t<\/div>\n\t\t<\/section>\n\t\t\t\t<section class=\"elementor-section elementor-top-section elementor-element elementor-element-4aa1c5a3 elementor-section-boxed elementor-section-height-default elementor-section-height-default\" data-id=\"4aa1c5a3\" data-element_type=\"section\" data-e-type=\"section\">\n\t\t\t\t\t\t<div class=\"elementor-container elementor-column-gap-default\">\n\t\t\t\t\t<div class=\"elementor-column elementor-col-100 elementor-top-column elementor-element elementor-element-58325fb1\" data-id=\"58325fb1\" data-element_type=\"column\" data-e-type=\"column\">\n\t\t\t<div class=\"elementor-widget-wrap elementor-element-populated\">\n\t\t\t\t\t\t<div class=\"elementor-element elementor-element-2222c514 elementor-widget elementor-widget-spacer\" data-id=\"2222c514\" data-element_type=\"widget\" data-e-type=\"widget\" data-widget_type=\"spacer.default\">\n\t\t\t\t<div class=\"elementor-widget-container\">\n\t\t\t\t\t\t\t<div class=\"elementor-spacer\">\n\t\t\t<div class=\"elementor-spacer-inner\"><\/div>\n\t\t<\/div>\n\t\t\t\t\t\t<\/div>\n\t\t\t\t<\/div>\n\t\t\t\t\t<\/div>\n\t\t<\/div>\n\t\t\t\t\t<\/div>\n\t\t<\/section>\n\t\t\t\t<section class=\"elementor-section elementor-top-section elementor-element elementor-element-615e60e9 elementor-section-boxed elementor-section-height-default elementor-section-height-default\" data-id=\"615e60e9\" data-element_type=\"section\" data-e-type=\"section\">\n\t\t\t\t\t\t<div class=\"elementor-container elementor-column-gap-default\">\n\t\t\t\t\t<div class=\"elementor-column elementor-col-100 elementor-top-column elementor-element elementor-element-73a721bc\" data-id=\"73a721bc\" data-element_type=\"column\" data-e-type=\"column\">\n\t\t\t<div class=\"elementor-widget-wrap elementor-element-populated\">\n\t\t\t\t\t\t<div class=\"elementor-element elementor-element-20d4a91a elementor-align-center elementor-widget elementor-widget-button\" data-id=\"20d4a91a\" data-element_type=\"widget\" data-e-type=\"widget\" data-widget_type=\"button.default\">\n\t\t\t\t<div class=\"elementor-widget-container\">\n\t\t\t\t\t\t\t\t\t<div class=\"elementor-button-wrapper\">\n\t\t\t\t\t<a class=\"elementor-button elementor-button-link elementor-size-sm\" href=\"https:\/\/fcalorient.fr\/index.php\/elementor-543\/\">\n\t\t\t\t\t\t<span class=\"elementor-button-content-wrapper\">\n\t\t\t\t\t\t\t\t\t<span class=\"elementor-button-text\">Votre animatrice<\/span>\n\t\t\t\t\t<\/span>\n\t\t\t\t\t<\/a>\n\t\t\t\t<\/div>\n\t\t\t\t\t\t\t\t<\/div>\n\t\t\t\t<\/div>\n\t\t\t\t\t<\/div>\n\t\t<\/div>\n\t\t\t\t\t<\/div>\n\t\t<\/section>\n\t\t\t\t<\/div>\n\t\t","protected":false},"excerpt":{"rendered":"<p>REMUE-MENINGES L&rsquo;activit\u00e9 \u00ab\u00a0Remue-M\u00e9ninges\u00a0\u00bb se pratique le 1er, le 3\u00e8me (et le 5\u00e8me\u00a0 vendredi si c&rsquo;est le cas) de chaque mois de 14h30 \u00e0 16h30 environ. Douze personnes ou plus dont 2 messieurs y assistent en g\u00e9n\u00e9ral. Cette activit\u00e9 se compose parfois de l&rsquo;\u00e9criture d&rsquo;articles extraits de journaux (r\u00e9gions, villes), de [&hellip;]<\/p>\n","protected":false},"author":1,"featured_media":0,"parent":0,"menu_order":0,"comment_status":"closed","ping_status":"closed","template":"page-templates\/template-pagebuilder-full-width.php","meta":{"om_disable_all_campaigns":false,"_monsterinsights_skip_tracking":false,"_monsterinsights_sitenote_active":false,"_monsterinsights_sitenote_note":"","_monsterinsights_sitenote_category":0,"footnotes":""},"class_list":["post-410","page","type-page","status-publish","hentry"],"_links":{"self":[{"href":"https:\/\/fcalorient.fr\/index.php\/wp-json\/wp\/v2\/pages\/410","targetHints":{"allow":["GET"]}}],"collection":[{"href":"https:\/\/fcalorient.fr\/index.php\/wp-json\/wp\/v2\/pages"}],"about":[{"href":"https:\/\/fcalorient.fr\/index.php\/wp-json\/wp\/v2\/types\/page"}],"author":[{"embeddable":true,"href":"https:\/\/fcalorient.fr\/index.php\/wp-json\/wp\/v2\/users\/1"}],"replies":[{"embeddable":true,"href":"https:\/\/fcalorient.fr\/index.php\/wp-json\/wp\/v2\/comments?post=410"}],"version-history":[{"count":8,"href":"https:\/\/fcalorient.fr\/index.php\/wp-json\/wp\/v2\/pages\/410\/revisions"}],"predecessor-version":[{"id":600,"href":"https:\/\/fcalorient.fr\/index.php\/wp-json\/wp\/v2\/pages\/410\/revisions\/600"}],"wp:attachment":[{"href":"https:\/\/fcalorient.fr\/index.php\/wp-json\/wp\/v2\/media?parent=410"}],"curies":[{"name":"wp","href":"https:\/\/api.w.org\/{rel}","templated":true}]}}