{"id":404,"date":"2022-10-06T08:56:50","date_gmt":"2022-10-06T08:56:50","guid":{"rendered":"https:\/\/fcalorient.fr\/?page_id=404"},"modified":"2022-10-10T16:32:45","modified_gmt":"2022-10-10T16:32:45","slug":"elementor-404","status":"publish","type":"page","link":"https:\/\/fcalorient.fr\/index.php\/elementor-404\/","title":{"rendered":"Activit\u00e9 Randonn\u00e9e"},"content":{"rendered":"\t\t<div data-elementor-type=\"wp-page\" data-elementor-id=\"404\" class=\"elementor elementor-404\">\n\t\t\t\t\t\t<section class=\"elementor-section elementor-top-section elementor-element elementor-element-282f4d6e elementor-section-boxed elementor-section-height-default elementor-section-height-default\" data-id=\"282f4d6e\" data-element_type=\"section\" data-e-type=\"section\">\n\t\t\t\t\t\t<div class=\"elementor-container elementor-column-gap-default\">\n\t\t\t\t\t<div class=\"elementor-column elementor-col-100 elementor-top-column elementor-element elementor-element-649279ee\" data-id=\"649279ee\" data-element_type=\"column\" data-e-type=\"column\">\n\t\t\t<div class=\"elementor-widget-wrap elementor-element-populated\">\n\t\t\t\t\t\t<div class=\"elementor-element elementor-element-553ea670 elementor-widget elementor-widget-heading\" data-id=\"553ea670\" data-element_type=\"widget\" data-e-type=\"widget\" data-widget_type=\"heading.default\">\n\t\t\t\t<div class=\"elementor-widget-container\">\n\t\t\t\t\t<h2 class=\"elementor-heading-title elementor-size-default\">LA RANDONN\u00c9E<\/h2>\t\t\t\t<\/div>\n\t\t\t\t<\/div>\n\t\t\t\t\t<\/div>\n\t\t<\/div>\n\t\t\t\t\t<\/div>\n\t\t<\/section>\n\t\t\t\t<section class=\"elementor-section elementor-top-section elementor-element elementor-element-6f2d819e elementor-section-boxed elementor-section-height-default elementor-section-height-default\" data-id=\"6f2d819e\" data-element_type=\"section\" data-e-type=\"section\">\n\t\t\t\t\t\t<div class=\"elementor-container elementor-column-gap-default\">\n\t\t\t\t\t<div class=\"elementor-column elementor-col-100 elementor-top-column elementor-element elementor-element-38286dbe\" data-id=\"38286dbe\" data-element_type=\"column\" data-e-type=\"column\">\n\t\t\t<div class=\"elementor-widget-wrap elementor-element-populated\">\n\t\t\t\t\t\t<div class=\"elementor-element elementor-element-2612db0c elementor-widget elementor-widget-image\" data-id=\"2612db0c\" data-element_type=\"widget\" data-e-type=\"widget\" data-widget_type=\"image.default\">\n\t\t\t\t<div class=\"elementor-widget-container\">\n\t\t\t\t\t\t\t\t\t\t\t\t\t\t\t<img fetchpriority=\"high\" decoding=\"async\" width=\"750\" height=\"360\" src=\"https:\/\/fcalorient.fr\/wp-content\/uploads\/2022\/10\/Moelan-Mer-2-768x369.jpg\" class=\"attachment-medium_large size-medium_large wp-image-252\" alt=\"\" srcset=\"https:\/\/fcalorient.fr\/wp-content\/uploads\/2022\/10\/Moelan-Mer-2-768x369.jpg 768w, https:\/\/fcalorient.fr\/wp-content\/uploads\/2022\/10\/Moelan-Mer-2-300x144.jpg 300w, https:\/\/fcalorient.fr\/wp-content\/uploads\/2022\/10\/Moelan-Mer-2-1024x492.jpg 1024w, https:\/\/fcalorient.fr\/wp-content\/uploads\/2022\/10\/Moelan-Mer-2.jpg 1100w\" sizes=\"(max-width: 750px) 100vw, 750px\" \/>\t\t\t\t\t\t\t\t\t\t\t\t\t\t\t<\/div>\n\t\t\t\t<\/div>\n\t\t\t\t\t<\/div>\n\t\t<\/div>\n\t\t\t\t\t<\/div>\n\t\t<\/section>\n\t\t\t\t<section class=\"elementor-section elementor-top-section elementor-element elementor-element-5b0c3853 elementor-section-boxed elementor-section-height-default elementor-section-height-default\" data-id=\"5b0c3853\" data-element_type=\"section\" data-e-type=\"section\">\n\t\t\t\t\t\t<div class=\"elementor-container elementor-column-gap-default\">\n\t\t\t\t\t<div class=\"elementor-column elementor-col-25 elementor-top-column elementor-element elementor-element-5bf83c74\" data-id=\"5bf83c74\" data-element_type=\"column\" data-e-type=\"column\">\n\t\t\t<div class=\"elementor-widget-wrap elementor-element-populated\">\n\t\t\t\t\t\t<div class=\"elementor-element elementor-element-32ddef04 elementor-widget elementor-widget-image\" data-id=\"32ddef04\" data-element_type=\"widget\" data-e-type=\"widget\" data-widget_type=\"image.default\">\n\t\t\t\t<div class=\"elementor-widget-container\">\n\t\t\t\t\t\t\t\t\t\t\t\t\t\t\t<img decoding=\"async\" width=\"750\" height=\"563\" src=\"https:\/\/fcalorient.fr\/wp-content\/uploads\/2022\/10\/doelan-768x576.jpg\" class=\"attachment-medium_large size-medium_large wp-image-253\" alt=\"\" srcset=\"https:\/\/fcalorient.fr\/wp-content\/uploads\/2022\/10\/doelan-768x576.jpg 768w, https:\/\/fcalorient.fr\/wp-content\/uploads\/2022\/10\/doelan-300x225.jpg 300w, https:\/\/fcalorient.fr\/wp-content\/uploads\/2022\/10\/doelan.jpg 800w\" sizes=\"(max-width: 750px) 100vw, 750px\" \/>\t\t\t\t\t\t\t\t\t\t\t\t\t\t\t<\/div>\n\t\t\t\t<\/div>\n\t\t\t\t<div class=\"elementor-element elementor-element-7d7f9448 elementor-widget elementor-widget-image\" data-id=\"7d7f9448\" data-element_type=\"widget\" data-e-type=\"widget\" data-widget_type=\"image.default\">\n\t\t\t\t<div class=\"elementor-widget-container\">\n\t\t\t\t\t\t\t\t\t\t\t\t\t\t\t<img decoding=\"async\" width=\"225\" height=\"300\" src=\"https:\/\/fcalorient.fr\/wp-content\/uploads\/2022\/10\/kerloret.jpg\" class=\"attachment-large size-large wp-image-254\" alt=\"\" \/>\t\t\t\t\t\t\t\t\t\t\t\t\t\t\t<\/div>\n\t\t\t\t<\/div>\n\t\t\t\t\t<\/div>\n\t\t<\/div>\n\t\t\t\t<div class=\"elementor-column elementor-col-50 elementor-top-column elementor-element elementor-element-355eebb9\" data-id=\"355eebb9\" data-element_type=\"column\" data-e-type=\"column\">\n\t\t\t<div class=\"elementor-widget-wrap elementor-element-populated\">\n\t\t\t\t\t\t<div class=\"elementor-element elementor-element-678f4af9 elementor-widget elementor-widget-text-editor\" data-id=\"678f4af9\" data-element_type=\"widget\" data-e-type=\"widget\" data-widget_type=\"text-editor.default\">\n\t\t\t\t<div class=\"elementor-widget-container\">\n\t\t\t\t\t\t\t\t\t<h5 style=\"text-align: center;\"><span style=\"color: #333333;\">La\u00a0<b>randonn\u00e9e p\u00e9destre<\/b>\u00a0est une activit\u00e9 de plein air qui s&rsquo;effectue\u00a0<a href=\"https:\/\/fr.wikipedia.org\/wiki\/Marche_%C3%A0_pied\" title=\"Marche \u00e0 pied\" style=\"color: #333333;\">\u00e0 pied<\/a>\u00a0en suivant un\u00a0<a href=\"https:\/\/fr.wikipedia.org\/wiki\/Itin%C3%A9raire\" title=\"Itin\u00e9raire\" style=\"color: #333333;\">itin\u00e9raire<\/a>,\u00a0<a href=\"https:\/\/fr.wikipedia.org\/wiki\/Signalisation_des_sentiers_de_randonn%C3%A9e\" title=\"Signalisation des sentiers de randonn\u00e9e\" style=\"color: #333333;\">balis\u00e9<\/a>\u00a0ou non, seul ou en groupe. C&rsquo;est \u00e0 la fois un sport et un\u00a0<a href=\"https:\/\/fr.wikipedia.org\/wiki\/Loisir\" title=\"Loisir\" style=\"color: #333333;\">loisir<\/a>\u00a0de d\u00e9couverte et de contemplation.<\/span><\/h5><h5 style=\"text-align: center;\"><span style=\"color: #333333;\">Sa dur\u00e9e est extr\u00eamement variable\u00a0: de la randonn\u00e9e de quelques heures, \u00e0 la grande randonn\u00e9e de plusieurs jours, voire plusieurs semaines. Ce n&rsquo;est pas une activit\u00e9 de comp\u00e9tition, contrairement au\u00a0<a href=\"https:\/\/fr.wikipedia.org\/wiki\/Trail_(course_%C3%A0_pied)\" title=\"Trail (course \u00e0 pied)\" style=\"color: #333333;\">trail<\/a>\u00a0ou la\u00a0<a href=\"https:\/\/fr.wikipedia.org\/wiki\/Course_d%27orientation\" title=\"Course d'orientation\" style=\"color: #333333;\">course d&rsquo;orientation<\/a>\u00a0par exemple. Le degr\u00e9 de pr\u00e9paration et le mat\u00e9riel n\u00e9cessaire varient fortement en fonction du milieu, de la difficult\u00e9 de l&rsquo;itin\u00e9raire et de la dur\u00e9e.<\/span><\/h5><h5 style=\"text-align: center;\"><\/h5>\t\t\t\t\t\t\t\t<\/div>\n\t\t\t\t<\/div>\n\t\t\t\t\t<\/div>\n\t\t<\/div>\n\t\t\t\t<div class=\"elementor-column elementor-col-25 elementor-top-column elementor-element elementor-element-446a29f9\" data-id=\"446a29f9\" data-element_type=\"column\" data-e-type=\"column\">\n\t\t\t<div class=\"elementor-widget-wrap elementor-element-populated\">\n\t\t\t\t\t\t<div class=\"elementor-element elementor-element-17bdbf06 elementor-widget elementor-widget-image\" data-id=\"17bdbf06\" data-element_type=\"widget\" data-e-type=\"widget\" data-widget_type=\"image.default\">\n\t\t\t\t<div class=\"elementor-widget-container\">\n\t\t\t\t\t\t\t\t\t\t\t\t\t\t\t<img loading=\"lazy\" decoding=\"async\" width=\"640\" height=\"480\" src=\"https:\/\/fcalorient.fr\/wp-content\/uploads\/2022\/10\/le-bono.jpg\" class=\"attachment-large size-large wp-image-255\" alt=\"\" srcset=\"https:\/\/fcalorient.fr\/wp-content\/uploads\/2022\/10\/le-bono.jpg 640w, https:\/\/fcalorient.fr\/wp-content\/uploads\/2022\/10\/le-bono-300x225.jpg 300w\" sizes=\"(max-width: 640px) 100vw, 640px\" \/>\t\t\t\t\t\t\t\t\t\t\t\t\t\t\t<\/div>\n\t\t\t\t<\/div>\n\t\t\t\t<div class=\"elementor-element elementor-element-2b956b3 elementor-widget elementor-widget-image\" data-id=\"2b956b3\" data-element_type=\"widget\" data-e-type=\"widget\" data-widget_type=\"image.default\">\n\t\t\t\t<div class=\"elementor-widget-container\">\n\t\t\t\t\t\t\t\t\t\t\t\t\t\t\t<img loading=\"lazy\" decoding=\"async\" width=\"300\" height=\"200\" src=\"https:\/\/fcalorient.fr\/wp-content\/uploads\/2022\/10\/Pont-Calleck-81.jpg\" class=\"attachment-large size-large wp-image-256\" alt=\"\" \/>\t\t\t\t\t\t\t\t\t\t\t\t\t\t\t<\/div>\n\t\t\t\t<\/div>\n\t\t\t\t\t<\/div>\n\t\t<\/div>\n\t\t\t\t\t<\/div>\n\t\t<\/section>\n\t\t\t\t<section class=\"elementor-section elementor-top-section elementor-element elementor-element-28d553ae elementor-section-boxed elementor-section-height-default elementor-section-height-default\" data-id=\"28d553ae\" data-element_type=\"section\" data-e-type=\"section\">\n\t\t\t\t\t\t<div class=\"elementor-container elementor-column-gap-default\">\n\t\t\t\t\t<div class=\"elementor-column elementor-col-25 elementor-top-column elementor-element elementor-element-5e7e2c1d\" data-id=\"5e7e2c1d\" data-element_type=\"column\" data-e-type=\"column\">\n\t\t\t<div class=\"elementor-widget-wrap elementor-element-populated\">\n\t\t\t\t\t\t<div class=\"elementor-element elementor-element-5e456e28 elementor-widget elementor-widget-image\" data-id=\"5e456e28\" data-element_type=\"widget\" data-e-type=\"widget\" data-widget_type=\"image.default\">\n\t\t\t\t<div class=\"elementor-widget-container\">\n\t\t\t\t\t\t\t\t\t\t\t\t\t\t\t<img loading=\"lazy\" decoding=\"async\" width=\"750\" height=\"563\" src=\"https:\/\/fcalorient.fr\/wp-content\/uploads\/2022\/10\/faouet.jpg\" class=\"attachment-large size-large wp-image-257\" alt=\"\" srcset=\"https:\/\/fcalorient.fr\/wp-content\/uploads\/2022\/10\/faouet.jpg 1024w, https:\/\/fcalorient.fr\/wp-content\/uploads\/2022\/10\/faouet-300x225.jpg 300w, https:\/\/fcalorient.fr\/wp-content\/uploads\/2022\/10\/faouet-768x576.jpg 768w\" sizes=\"(max-width: 750px) 100vw, 750px\" \/>\t\t\t\t\t\t\t\t\t\t\t\t\t\t\t<\/div>\n\t\t\t\t<\/div>\n\t\t\t\t<div class=\"elementor-element elementor-element-54ad4b43 elementor-widget elementor-widget-image\" data-id=\"54ad4b43\" data-element_type=\"widget\" data-e-type=\"widget\" data-widget_type=\"image.default\">\n\t\t\t\t<div class=\"elementor-widget-container\">\n\t\t\t\t\t\t\t\t\t\t\t\t\t\t\t<img loading=\"lazy\" decoding=\"async\" width=\"750\" height=\"563\" src=\"https:\/\/fcalorient.fr\/wp-content\/uploads\/2022\/10\/quimperle.jpg\" class=\"attachment-large size-large wp-image-258\" alt=\"\" srcset=\"https:\/\/fcalorient.fr\/wp-content\/uploads\/2022\/10\/quimperle.jpg 800w, https:\/\/fcalorient.fr\/wp-content\/uploads\/2022\/10\/quimperle-300x225.jpg 300w, https:\/\/fcalorient.fr\/wp-content\/uploads\/2022\/10\/quimperle-768x576.jpg 768w\" sizes=\"(max-width: 750px) 100vw, 750px\" \/>\t\t\t\t\t\t\t\t\t\t\t\t\t\t\t<\/div>\n\t\t\t\t<\/div>\n\t\t\t\t\t<\/div>\n\t\t<\/div>\n\t\t\t\t<div class=\"elementor-column elementor-col-50 elementor-top-column elementor-element elementor-element-421bc4d\" data-id=\"421bc4d\" data-element_type=\"column\" data-e-type=\"column\">\n\t\t\t<div class=\"elementor-widget-wrap elementor-element-populated\">\n\t\t\t\t\t\t<div class=\"elementor-element elementor-element-481bbf8a elementor-widget elementor-widget-text-editor\" data-id=\"481bbf8a\" data-element_type=\"widget\" data-e-type=\"widget\" data-widget_type=\"text-editor.default\">\n\t\t\t\t<div class=\"elementor-widget-container\">\n\t\t\t\t\t\t\t\t\t<h5 style=\"text-align: center;\"><span style=\"color: #333333;\"><strong>Notre activit\u00e9 \u00ab\u00a0Randonn\u00e9e\u00a0\u00bb au FCA<\/strong><\/span><\/h5><h5 style=\"text-align: center;\"><span style=\"color: #333333;\">Randonn\u00e9e p\u00e9destre qui s\u2019effectue en suivant un itin\u00e9raire d\u00e9fini avant le d\u00e9part<\/span><br \/><span style=\"color: #333333;\">\u00a0d\u2019environ 10 kilom\u00e8tres et 3 heures de marche.<\/span><br \/><span style=\"color: #333333;\">Pratique physique qui d\u00e9marre du Foyer Culturel de l\u2019Amiti\u00e9 \u00e0 Lorient, et qui se pratique en petit groupe suivant une boucle passant par la d\u00e9couverte de lieux marquants tels que Chapelle, Fontaine, Cours d\u2019eau, Campagne \u2026\u2026<\/span><br \/><span style=\"color: #333333;\">Covoiturage assur\u00e9 au d\u00e9part.<\/span><\/h5><h5 style=\"text-align: center;\"><span style=\"color: #333333;\">Une fois par mois d\u00e9part le matin avec pique-nique pour une rando plus lointaine dans le Morbihan ou Finist\u00e8re.<\/span><\/h5>\t\t\t\t\t\t\t\t<\/div>\n\t\t\t\t<\/div>\n\t\t\t\t\t<\/div>\n\t\t<\/div>\n\t\t\t\t<div class=\"elementor-column elementor-col-25 elementor-top-column elementor-element elementor-element-1d00018e\" data-id=\"1d00018e\" data-element_type=\"column\" data-e-type=\"column\">\n\t\t\t<div class=\"elementor-widget-wrap elementor-element-populated\">\n\t\t\t\t\t\t<div class=\"elementor-element elementor-element-5392ee9 elementor-widget elementor-widget-image\" data-id=\"5392ee9\" data-element_type=\"widget\" data-e-type=\"widget\" data-widget_type=\"image.default\">\n\t\t\t\t<div class=\"elementor-widget-container\">\n\t\t\t\t\t\t\t\t\t\t\t\t\t\t\t<img loading=\"lazy\" decoding=\"async\" width=\"640\" height=\"480\" src=\"https:\/\/fcalorient.fr\/wp-content\/uploads\/2022\/10\/erdeven.jpg\" class=\"attachment-medium_large size-medium_large wp-image-259\" alt=\"\" srcset=\"https:\/\/fcalorient.fr\/wp-content\/uploads\/2022\/10\/erdeven.jpg 640w, https:\/\/fcalorient.fr\/wp-content\/uploads\/2022\/10\/erdeven-300x225.jpg 300w\" sizes=\"(max-width: 640px) 100vw, 640px\" \/>\t\t\t\t\t\t\t\t\t\t\t\t\t\t\t<\/div>\n\t\t\t\t<\/div>\n\t\t\t\t<div class=\"elementor-element elementor-element-4054feab elementor-widget elementor-widget-image\" data-id=\"4054feab\" data-element_type=\"widget\" data-e-type=\"widget\" data-widget_type=\"image.default\">\n\t\t\t\t<div class=\"elementor-widget-container\">\n\t\t\t\t\t\t\t\t\t\t\t\t\t\t\t<img loading=\"lazy\" decoding=\"async\" width=\"750\" height=\"563\" src=\"https:\/\/fcalorient.fr\/wp-content\/uploads\/2022\/10\/kerfany.jpg\" class=\"attachment-large size-large wp-image-260\" alt=\"\" srcset=\"https:\/\/fcalorient.fr\/wp-content\/uploads\/2022\/10\/kerfany.jpg 800w, https:\/\/fcalorient.fr\/wp-content\/uploads\/2022\/10\/kerfany-300x225.jpg 300w, https:\/\/fcalorient.fr\/wp-content\/uploads\/2022\/10\/kerfany-768x576.jpg 768w\" sizes=\"(max-width: 750px) 100vw, 750px\" \/>\t\t\t\t\t\t\t\t\t\t\t\t\t\t\t<\/div>\n\t\t\t\t<\/div>\n\t\t\t\t\t<\/div>\n\t\t<\/div>\n\t\t\t\t\t<\/div>\n\t\t<\/section>\n\t\t\t\t<section class=\"elementor-section elementor-top-section elementor-element elementor-element-b414845 elementor-section-boxed elementor-section-height-default elementor-section-height-default\" data-id=\"b414845\" data-element_type=\"section\" data-e-type=\"section\">\n\t\t\t\t\t\t<div class=\"elementor-container elementor-column-gap-default\">\n\t\t\t\t\t<div class=\"elementor-column elementor-col-100 elementor-top-column elementor-element elementor-element-1df6c9e0\" data-id=\"1df6c9e0\" data-element_type=\"column\" data-e-type=\"column\">\n\t\t\t<div class=\"elementor-widget-wrap elementor-element-populated\">\n\t\t\t\t\t\t<div class=\"elementor-element elementor-element-13a31e07 elementor-button-success elementor-align-center elementor-widget elementor-widget-button\" data-id=\"13a31e07\" data-element_type=\"widget\" data-e-type=\"widget\" data-widget_type=\"button.default\">\n\t\t\t\t<div class=\"elementor-widget-container\">\n\t\t\t\t\t\t\t\t\t<div class=\"elementor-button-wrapper\">\n\t\t\t\t\t<a class=\"elementor-button elementor-button-link elementor-size-sm\" href=\"https:\/\/fcalorient.fr\/index.php\/elementor-663\/\">\n\t\t\t\t\t\t<span class=\"elementor-button-content-wrapper\">\n\t\t\t\t\t\t\t\t\t<span class=\"elementor-button-text\">Votre animateur Rando<\/span>\n\t\t\t\t\t<\/span>\n\t\t\t\t\t<\/a>\n\t\t\t\t<\/div>\n\t\t\t\t\t\t\t\t<\/div>\n\t\t\t\t<\/div>\n\t\t\t\t\t<\/div>\n\t\t<\/div>\n\t\t\t\t\t<\/div>\n\t\t<\/section>\n\t\t\t\t<section class=\"elementor-section elementor-top-section elementor-element elementor-element-d3e2de4 elementor-section-stretched elementor-section-boxed elementor-section-height-default elementor-section-height-default\" data-id=\"d3e2de4\" data-element_type=\"section\" data-e-type=\"section\" data-settings=\"{&quot;stretch_section&quot;:&quot;section-stretched&quot;}\">\n\t\t\t\t\t\t<div class=\"elementor-container elementor-column-gap-default\">\n\t\t\t\t\t<div class=\"elementor-column elementor-col-100 elementor-top-column elementor-element elementor-element-4da27bd8\" data-id=\"4da27bd8\" data-element_type=\"column\" data-e-type=\"column\">\n\t\t\t<div class=\"elementor-widget-wrap elementor-element-populated\">\n\t\t\t\t\t\t<div class=\"elementor-element elementor-element-414ddc63 elementor-position-inline-start animated-slow e-transform elementor-view-default elementor-mobile-position-block-start elementor-invisible elementor-widget elementor-widget-icon-box\" data-id=\"414ddc63\" data-element_type=\"widget\" data-e-type=\"widget\" data-settings=\"{&quot;_animation&quot;:&quot;slideInLeft&quot;,&quot;_animation_delay&quot;:700,&quot;_transform_skewX_effect_hover&quot;:{&quot;unit&quot;:&quot;px&quot;,&quot;size&quot;:-22,&quot;sizes&quot;:[]},&quot;_transform_skewY_effect_hover&quot;:{&quot;unit&quot;:&quot;px&quot;,&quot;size&quot;:0,&quot;sizes&quot;:[]},&quot;_transform_skewX_effect_hover_tablet&quot;:{&quot;unit&quot;:&quot;deg&quot;,&quot;size&quot;:&quot;&quot;,&quot;sizes&quot;:[]},&quot;_transform_skewX_effect_hover_mobile&quot;:{&quot;unit&quot;:&quot;deg&quot;,&quot;size&quot;:&quot;&quot;,&quot;sizes&quot;:[]},&quot;_transform_skewY_effect_hover_tablet&quot;:{&quot;unit&quot;:&quot;deg&quot;,&quot;size&quot;:&quot;&quot;,&quot;sizes&quot;:[]},&quot;_transform_skewY_effect_hover_mobile&quot;:{&quot;unit&quot;:&quot;deg&quot;,&quot;size&quot;:&quot;&quot;,&quot;sizes&quot;:[]}}\" data-widget_type=\"icon-box.default\">\n\t\t\t\t<div class=\"elementor-widget-container\">\n\t\t\t\t\t\t\t<div class=\"elementor-icon-box-wrapper\">\n\n\t\t\t\t\t\t<div class=\"elementor-icon-box-icon\">\n\t\t\t\t<a href=\"http:\/\/amicalerando.free.fr\/AmicaleRando\/Le_guide.html\" class=\"elementor-icon\" tabindex=\"-1\" aria-label=\"Plus de d\u00e9tails sur le site de rando du Foyer Culturel de l&#039;Amiti\u00e9\">\n\t\t\t\t<i aria-hidden=\"true\" class=\"fas fa-walking\"><\/i>\t\t\t\t<\/a>\n\t\t\t<\/div>\n\t\t\t\n\t\t\t\t\t\t<div class=\"elementor-icon-box-content\">\n\n\t\t\t\t\t\t\t\t\t<h3 class=\"elementor-icon-box-title\">\n\t\t\t\t\t\t<a href=\"http:\/\/amicalerando.free.fr\/AmicaleRando\/Le_guide.html\" >\n\t\t\t\t\t\t\tPlus de d\u00e9tails sur le site de rando du Foyer Culturel de l'Amiti\u00e9\t\t\t\t\t\t<\/a>\n\t\t\t\t\t<\/h3>\n\t\t\t\t\n\t\t\t\t\n\t\t\t<\/div>\n\t\t\t\n\t\t<\/div>\n\t\t\t\t\t\t<\/div>\n\t\t\t\t<\/div>\n\t\t\t\t\t<\/div>\n\t\t<\/div>\n\t\t\t\t\t<\/div>\n\t\t<\/section>\n\t\t\t\t<\/div>\n\t\t","protected":false},"excerpt":{"rendered":"<p>LA RANDONN\u00c9E La\u00a0randonn\u00e9e p\u00e9destre\u00a0est une activit\u00e9 de plein air qui s&rsquo;effectue\u00a0\u00e0 pied\u00a0en suivant un\u00a0itin\u00e9raire,\u00a0balis\u00e9\u00a0ou non, seul ou en groupe. C&rsquo;est \u00e0 la fois un sport et un\u00a0loisir\u00a0de d\u00e9couverte et de contemplation. Sa dur\u00e9e est extr\u00eamement variable\u00a0: de la randonn\u00e9e de quelques heures, \u00e0 la grande randonn\u00e9e de plusieurs jours, voire [&hellip;]<\/p>\n","protected":false},"author":1,"featured_media":0,"parent":0,"menu_order":0,"comment_status":"closed","ping_status":"closed","template":"page-templates\/template-pagebuilder-full-width.php","meta":{"om_disable_all_campaigns":false,"_monsterinsights_skip_tracking":false,"_monsterinsights_sitenote_active":false,"_monsterinsights_sitenote_note":"","_monsterinsights_sitenote_category":0,"footnotes":""},"class_list":["post-404","page","type-page","status-publish","hentry"],"_links":{"self":[{"href":"https:\/\/fcalorient.fr\/index.php\/wp-json\/wp\/v2\/pages\/404","targetHints":{"allow":["GET"]}}],"collection":[{"href":"https:\/\/fcalorient.fr\/index.php\/wp-json\/wp\/v2\/pages"}],"about":[{"href":"https:\/\/fcalorient.fr\/index.php\/wp-json\/wp\/v2\/types\/page"}],"author":[{"embeddable":true,"href":"https:\/\/fcalorient.fr\/index.php\/wp-json\/wp\/v2\/users\/1"}],"replies":[{"embeddable":true,"href":"https:\/\/fcalorient.fr\/index.php\/wp-json\/wp\/v2\/comments?post=404"}],"version-history":[{"count":23,"href":"https:\/\/fcalorient.fr\/index.php\/wp-json\/wp\/v2\/pages\/404\/revisions"}],"predecessor-version":[{"id":848,"href":"https:\/\/fcalorient.fr\/index.php\/wp-json\/wp\/v2\/pages\/404\/revisions\/848"}],"wp:attachment":[{"href":"https:\/\/fcalorient.fr\/index.php\/wp-json\/wp\/v2\/media?parent=404"}],"curies":[{"name":"wp","href":"https:\/\/api.w.org\/{rel}","templated":true}]}}