{"id":368,"date":"2022-10-06T08:30:07","date_gmt":"2022-10-06T08:30:07","guid":{"rendered":"https:\/\/fcalorient.fr\/?page_id=368"},"modified":"2022-10-10T16:30:10","modified_gmt":"2022-10-10T16:30:10","slug":"elementor-368","status":"publish","type":"page","link":"https:\/\/fcalorient.fr\/index.php\/elementor-368\/","title":{"rendered":"Activit\u00e9 Chantons \u00e0 Kerbernes"},"content":{"rendered":"\t\t<div data-elementor-type=\"wp-page\" data-elementor-id=\"368\" class=\"elementor elementor-368\">\n\t\t\t\t\t\t<section class=\"elementor-section elementor-top-section elementor-element elementor-element-73c0a84c elementor-section-boxed elementor-section-height-default elementor-section-height-default\" data-id=\"73c0a84c\" data-element_type=\"section\" data-e-type=\"section\">\n\t\t\t\t\t\t<div class=\"elementor-container elementor-column-gap-default\">\n\t\t\t\t\t<div class=\"elementor-column elementor-col-100 elementor-top-column elementor-element elementor-element-2a887cab\" data-id=\"2a887cab\" data-element_type=\"column\" data-e-type=\"column\">\n\t\t\t<div class=\"elementor-widget-wrap elementor-element-populated\">\n\t\t\t\t\t\t<div class=\"elementor-element elementor-element-683abaf9 elementor-widget elementor-widget-image\" data-id=\"683abaf9\" data-element_type=\"widget\" data-e-type=\"widget\" data-widget_type=\"image.default\">\n\t\t\t\t<div class=\"elementor-widget-container\">\n\t\t\t\t\t\t\t\t\t\t\t\t\t\t\t<img fetchpriority=\"high\" decoding=\"async\" width=\"480\" height=\"514\" src=\"https:\/\/fcalorient.fr\/wp-content\/uploads\/2022\/10\/P1020156.jpg\" class=\"attachment-large size-large wp-image-167\" alt=\"\" srcset=\"https:\/\/fcalorient.fr\/wp-content\/uploads\/2022\/10\/P1020156.jpg 480w, https:\/\/fcalorient.fr\/wp-content\/uploads\/2022\/10\/P1020156-280x300.jpg 280w\" sizes=\"(max-width: 480px) 100vw, 480px\" \/>\t\t\t\t\t\t\t\t\t\t\t\t\t\t\t<\/div>\n\t\t\t\t<\/div>\n\t\t\t\t\t<\/div>\n\t\t<\/div>\n\t\t\t\t\t<\/div>\n\t\t<\/section>\n\t\t\t\t<section class=\"elementor-section elementor-top-section elementor-element elementor-element-6d3bc21b elementor-section-boxed elementor-section-height-default elementor-section-height-default\" data-id=\"6d3bc21b\" data-element_type=\"section\" data-e-type=\"section\">\n\t\t\t\t\t\t<div class=\"elementor-container elementor-column-gap-default\">\n\t\t\t\t\t<div class=\"elementor-column elementor-col-100 elementor-top-column elementor-element elementor-element-4be10aef\" data-id=\"4be10aef\" data-element_type=\"column\" data-e-type=\"column\">\n\t\t\t<div class=\"elementor-widget-wrap elementor-element-populated\">\n\t\t\t\t\t\t<div class=\"elementor-element elementor-element-782bf6f2 animated-slow elementor-invisible elementor-widget elementor-widget-text-editor\" data-id=\"782bf6f2\" data-element_type=\"widget\" data-e-type=\"widget\" data-settings=\"{&quot;_animation&quot;:&quot;lightSpeedIn&quot;,&quot;_animation_delay&quot;:100}\" data-widget_type=\"text-editor.default\">\n\t\t\t\t<div class=\"elementor-widget-container\">\n\t\t\t\t\t\t\t\t\t<h5>Notre petit groupe\u00a0 \u00ab\u00a0Chantons ensemble \u00e0 Kerbern\u00e8s\u00a0\u00bb a \u00e9t\u00e9 cr\u00e9\u00e9 en 1995 suite \u00e0 une prestation de la chorale du Foyer dans cet EHPAD.<\/h5><h5>Notre intervention avait beaucoup plu aux r\u00e9sidents et au responsable de l&rsquo;animation. Celui-ci nous a demand\u00e9\u00a0 si un groupe plus restreint pourrait intervenir r\u00e9guli\u00e8rement pour les \u00ab\u00a0f<em>aire chanter<\/em>\u00a0\u00bb &#8230;<\/h5><h5>Apr\u00e8s un bref sondage, il y avait des volontaires plus qu&rsquo;il n&rsquo;en fallait et nous avons commenc\u00e9.<\/h5><h5>Avec ma petite \u00e9quipe (15 au d\u00e9but) et au fil des ann\u00e9es, nous avons pr\u00e9par\u00e9 3 carnets de chants plus un carnet de chants de No\u00ebl tir\u00e9s en plus de 6O\u00a0 exemplaires par le service reprographie de l&rsquo;h\u00f4pital du Scorff.<\/h5><h5>Nous \u00ab\u00a0<em>faisons chanter<\/em>\u00a0\u00bb les r\u00e9sidents les 2\u00e8me et 4\u00e8me jeudi de chaque mois de 14 h15 \u00e0 16 h.15 avec une petite coupure destin\u00e9e \u00e0 leur go\u00fbter.<\/h5><h5>Nous-m\u00eames sommes invit\u00e9s \u00e0 un go\u00fbter \u00e0 la fin de la prestation. Nous avons eu jusqu&rsquo;\u00e0 64 r\u00e9sidents pr\u00e9sents qui sont\u00a0 globalement ravis de chanter.<\/h5><h5>Nous avons m\u00eame de tr\u00e8s bons contacts avec ceux qui sont r\u00e9guliers, et toute notre \u00e9quipe est tr\u00e8s attach\u00e9e \u00e0 cette intervention \u00e0 Kerbern\u00e8s qui, nous le constatons, apporte beaucoup de joie \u00e0 eux et \u00e0 nous.<\/h5><h5>Notre groupe est limit\u00e9 \u00e0 10 personnes depuis le COVID<\/h5>\t\t\t\t\t\t\t\t<\/div>\n\t\t\t\t<\/div>\n\t\t\t\t\t<\/div>\n\t\t<\/div>\n\t\t\t\t\t<\/div>\n\t\t<\/section>\n\t\t\t\t<section class=\"elementor-section elementor-top-section elementor-element elementor-element-63bf8590 elementor-section-boxed elementor-section-height-default elementor-section-height-default\" data-id=\"63bf8590\" data-element_type=\"section\" data-e-type=\"section\">\n\t\t\t\t\t\t<div class=\"elementor-container elementor-column-gap-default\">\n\t\t\t\t\t<div class=\"elementor-column elementor-col-100 elementor-top-column elementor-element elementor-element-1289bfb\" data-id=\"1289bfb\" data-element_type=\"column\" data-e-type=\"column\">\n\t\t\t<div class=\"elementor-widget-wrap elementor-element-populated\">\n\t\t\t\t\t\t<div class=\"elementor-element elementor-element-d9b0910 elementor-arrows-position-inside elementor-pagination-position-outside elementor-widget elementor-widget-image-carousel\" data-id=\"d9b0910\" data-element_type=\"widget\" data-e-type=\"widget\" data-settings=\"{&quot;navigation&quot;:&quot;both&quot;,&quot;autoplay&quot;:&quot;yes&quot;,&quot;pause_on_hover&quot;:&quot;yes&quot;,&quot;pause_on_interaction&quot;:&quot;yes&quot;,&quot;autoplay_speed&quot;:5000,&quot;infinite&quot;:&quot;yes&quot;,&quot;speed&quot;:500}\" data-widget_type=\"image-carousel.default\">\n\t\t\t\t<div class=\"elementor-widget-container\">\n\t\t\t\t\t\t\t<div class=\"elementor-image-carousel-wrapper swiper\" role=\"region\" aria-roledescription=\"carousel\" aria-label=\"Carrousel d\u2019images\" dir=\"ltr\">\n\t\t\t<div class=\"elementor-image-carousel swiper-wrapper\" aria-live=\"off\">\n\t\t\t\t\t\t\t\t<div class=\"swiper-slide\" role=\"group\" aria-roledescription=\"slide\" aria-label=\"1 sur 10\"><figure class=\"swiper-slide-inner\"><img decoding=\"async\" class=\"swiper-slide-image\" src=\"https:\/\/fcalorient.fr\/wp-content\/uploads\/2022\/10\/P1020152-1.jpg\" alt=\"P1020152-1.jpg\" \/><\/figure><\/div><div class=\"swiper-slide\" role=\"group\" aria-roledescription=\"slide\" aria-label=\"2 sur 10\"><figure class=\"swiper-slide-inner\"><img decoding=\"async\" class=\"swiper-slide-image\" src=\"https:\/\/fcalorient.fr\/wp-content\/uploads\/2022\/10\/P1020151.jpg\" alt=\"P1020151.jpg\" \/><\/figure><\/div><div class=\"swiper-slide\" role=\"group\" aria-roledescription=\"slide\" aria-label=\"3 sur 10\"><figure class=\"swiper-slide-inner\"><img decoding=\"async\" class=\"swiper-slide-image\" src=\"https:\/\/fcalorient.fr\/wp-content\/uploads\/2022\/10\/P1020149-1.jpg\" alt=\"P1020149-1.jpg\" \/><\/figure><\/div><div class=\"swiper-slide\" role=\"group\" aria-roledescription=\"slide\" aria-label=\"4 sur 10\"><figure class=\"swiper-slide-inner\"><img decoding=\"async\" class=\"swiper-slide-image\" src=\"https:\/\/fcalorient.fr\/wp-content\/uploads\/2022\/10\/P1020147.jpg\" alt=\"P1020147.jpg\" \/><\/figure><\/div><div class=\"swiper-slide\" role=\"group\" aria-roledescription=\"slide\" aria-label=\"5 sur 10\"><figure class=\"swiper-slide-inner\"><img decoding=\"async\" class=\"swiper-slide-image\" src=\"https:\/\/fcalorient.fr\/wp-content\/uploads\/2022\/10\/P1020145.jpg\" alt=\"P1020145.jpg\" \/><\/figure><\/div><div class=\"swiper-slide\" role=\"group\" aria-roledescription=\"slide\" aria-label=\"6 sur 10\"><figure class=\"swiper-slide-inner\"><img decoding=\"async\" class=\"swiper-slide-image\" src=\"https:\/\/fcalorient.fr\/wp-content\/uploads\/2022\/10\/P1020144-1.jpg\" alt=\"P1020144-1.jpg\" \/><\/figure><\/div><div class=\"swiper-slide\" role=\"group\" aria-roledescription=\"slide\" aria-label=\"7 sur 10\"><figure class=\"swiper-slide-inner\"><img decoding=\"async\" class=\"swiper-slide-image\" src=\"https:\/\/fcalorient.fr\/wp-content\/uploads\/2022\/10\/P1020143.jpg\" alt=\"P1020143.jpg\" \/><\/figure><\/div><div class=\"swiper-slide\" role=\"group\" aria-roledescription=\"slide\" aria-label=\"8 sur 10\"><figure class=\"swiper-slide-inner\"><img decoding=\"async\" class=\"swiper-slide-image\" src=\"https:\/\/fcalorient.fr\/wp-content\/uploads\/2022\/10\/P1020152-768x576.jpg\" alt=\"P1020152.jpg\" \/><\/figure><\/div><div class=\"swiper-slide\" role=\"group\" aria-roledescription=\"slide\" aria-label=\"9 sur 10\"><figure class=\"swiper-slide-inner\"><img decoding=\"async\" class=\"swiper-slide-image\" src=\"https:\/\/fcalorient.fr\/wp-content\/uploads\/2022\/10\/P1020149-768x576.jpg\" alt=\"P1020149.jpg\" \/><\/figure><\/div><div class=\"swiper-slide\" role=\"group\" aria-roledescription=\"slide\" aria-label=\"10 sur 10\"><figure class=\"swiper-slide-inner\"><img decoding=\"async\" class=\"swiper-slide-image\" src=\"https:\/\/fcalorient.fr\/wp-content\/uploads\/2022\/10\/P1020144-768x576.jpg\" alt=\"P1020144.jpg\" \/><\/figure><\/div>\t\t\t<\/div>\n\t\t\t\t\t\t\t\t\t\t\t\t<div class=\"elementor-swiper-button elementor-swiper-button-prev\" role=\"button\" tabindex=\"0\">\n\t\t\t\t\t\t<i aria-hidden=\"true\" class=\"eicon-chevron-left\"><\/i>\t\t\t\t\t<\/div>\n\t\t\t\t\t<div class=\"elementor-swiper-button elementor-swiper-button-next\" role=\"button\" tabindex=\"0\">\n\t\t\t\t\t\t<i aria-hidden=\"true\" class=\"eicon-chevron-right\"><\/i>\t\t\t\t\t<\/div>\n\t\t\t\t\n\t\t\t\t\t\t\t\t\t<div class=\"swiper-pagination\"><\/div>\n\t\t\t\t\t\t\t\t\t<\/div>\n\t\t\t\t\t\t<\/div>\n\t\t\t\t<\/div>\n\t\t\t\t\t<\/div>\n\t\t<\/div>\n\t\t\t\t\t<\/div>\n\t\t<\/section>\n\t\t\t\t<section class=\"elementor-section elementor-top-section elementor-element elementor-element-644aa5a0 elementor-section-boxed elementor-section-height-default elementor-section-height-default\" data-id=\"644aa5a0\" data-element_type=\"section\" data-e-type=\"section\">\n\t\t\t\t\t\t<div class=\"elementor-container elementor-column-gap-default\">\n\t\t\t\t\t<div class=\"elementor-column elementor-col-100 elementor-top-column elementor-element elementor-element-35973369\" data-id=\"35973369\" data-element_type=\"column\" data-e-type=\"column\">\n\t\t\t<div class=\"elementor-widget-wrap elementor-element-populated\">\n\t\t\t\t\t\t<div class=\"elementor-element elementor-element-7c95d7e1 elementor-button-info elementor-align-center elementor-widget elementor-widget-button\" data-id=\"7c95d7e1\" data-element_type=\"widget\" data-e-type=\"widget\" data-widget_type=\"button.default\">\n\t\t\t\t<div class=\"elementor-widget-container\">\n\t\t\t\t\t\t\t\t\t<div class=\"elementor-button-wrapper\">\n\t\t\t\t\t<a class=\"elementor-button elementor-button-link elementor-size-sm\" href=\"https:\/\/fcalorient.fr\/index.php\/elementor-519\/\">\n\t\t\t\t\t\t<span class=\"elementor-button-content-wrapper\">\n\t\t\t\t\t\t\t\t\t<span class=\"elementor-button-text\">Coordonn\u00e9es de l'animatrice de l'activit\u00e9<\/span>\n\t\t\t\t\t<\/span>\n\t\t\t\t\t<\/a>\n\t\t\t\t<\/div>\n\t\t\t\t\t\t\t\t<\/div>\n\t\t\t\t<\/div>\n\t\t\t\t\t<\/div>\n\t\t<\/div>\n\t\t\t\t\t<\/div>\n\t\t<\/section>\n\t\t\t\t<\/div>\n\t\t","protected":false},"excerpt":{"rendered":"<p>Notre petit groupe\u00a0 \u00ab\u00a0Chantons ensemble \u00e0 Kerbern\u00e8s\u00a0\u00bb a \u00e9t\u00e9 cr\u00e9\u00e9 en 1995 suite \u00e0 une prestation de la chorale du Foyer dans cet EHPAD. Notre intervention avait beaucoup plu aux r\u00e9sidents et au responsable de l&rsquo;animation. Celui-ci nous a demand\u00e9\u00a0 si un groupe plus restreint pourrait intervenir r\u00e9guli\u00e8rement pour les [&hellip;]<\/p>\n","protected":false},"author":1,"featured_media":0,"parent":0,"menu_order":0,"comment_status":"closed","ping_status":"closed","template":"page-templates\/template-pagebuilder-full-width.php","meta":{"om_disable_all_campaigns":false,"_monsterinsights_skip_tracking":false,"_monsterinsights_sitenote_active":false,"_monsterinsights_sitenote_note":"","_monsterinsights_sitenote_category":0,"footnotes":""},"class_list":["post-368","page","type-page","status-publish","hentry"],"_links":{"self":[{"href":"https:\/\/fcalorient.fr\/index.php\/wp-json\/wp\/v2\/pages\/368","targetHints":{"allow":["GET"]}}],"collection":[{"href":"https:\/\/fcalorient.fr\/index.php\/wp-json\/wp\/v2\/pages"}],"about":[{"href":"https:\/\/fcalorient.fr\/index.php\/wp-json\/wp\/v2\/types\/page"}],"author":[{"embeddable":true,"href":"https:\/\/fcalorient.fr\/index.php\/wp-json\/wp\/v2\/users\/1"}],"replies":[{"embeddable":true,"href":"https:\/\/fcalorient.fr\/index.php\/wp-json\/wp\/v2\/comments?post=368"}],"version-history":[{"count":9,"href":"https:\/\/fcalorient.fr\/index.php\/wp-json\/wp\/v2\/pages\/368\/revisions"}],"predecessor-version":[{"id":573,"href":"https:\/\/fcalorient.fr\/index.php\/wp-json\/wp\/v2\/pages\/368\/revisions\/573"}],"wp:attachment":[{"href":"https:\/\/fcalorient.fr\/index.php\/wp-json\/wp\/v2\/media?parent=368"}],"curies":[{"name":"wp","href":"https:\/\/api.w.org\/{rel}","templated":true}]}}