{"id":362,"date":"2022-10-06T08:28:38","date_gmt":"2022-10-06T08:28:38","guid":{"rendered":"https:\/\/fcalorient.fr\/?page_id=362"},"modified":"2026-04-11T14:43:30","modified_gmt":"2026-04-11T14:43:30","slug":"elementor-362","status":"publish","type":"page","link":"https:\/\/fcalorient.fr\/index.php\/elementor-362\/","title":{"rendered":"Activit\u00e9 Le coin des joueurs"},"content":{"rendered":"\t\t<div data-elementor-type=\"wp-page\" data-elementor-id=\"362\" class=\"elementor elementor-362\">\n\t\t\t\t\t\t<section class=\"elementor-section elementor-top-section elementor-element elementor-element-43f3453b elementor-section-boxed elementor-section-height-default elementor-section-height-default\" data-id=\"43f3453b\" data-element_type=\"section\" data-e-type=\"section\">\n\t\t\t\t\t\t<div class=\"elementor-container elementor-column-gap-default\">\n\t\t\t\t\t<div class=\"elementor-column elementor-col-100 elementor-top-column elementor-element elementor-element-65dfc865\" data-id=\"65dfc865\" data-element_type=\"column\" data-e-type=\"column\">\n\t\t\t<div class=\"elementor-widget-wrap elementor-element-populated\">\n\t\t\t\t\t\t<div class=\"elementor-element elementor-element-79b47736 elementor-widget elementor-widget-heading\" data-id=\"79b47736\" data-element_type=\"widget\" data-e-type=\"widget\" data-widget_type=\"heading.default\">\n\t\t\t\t<div class=\"elementor-widget-container\">\n\t\t\t\t\t<h2 class=\"elementor-heading-title elementor-size-default\">LE COIN DES JOUEURS<\/h2>\t\t\t\t<\/div>\n\t\t\t\t<\/div>\n\t\t\t\t\t<\/div>\n\t\t<\/div>\n\t\t\t\t\t<\/div>\n\t\t<\/section>\n\t\t\t\t<section class=\"elementor-section elementor-top-section elementor-element elementor-element-3589763 elementor-section-boxed elementor-section-height-default elementor-section-height-default\" data-id=\"3589763\" data-element_type=\"section\" data-e-type=\"section\">\n\t\t\t\t\t\t<div class=\"elementor-container elementor-column-gap-default\">\n\t\t\t\t\t<div class=\"elementor-column elementor-col-100 elementor-top-column elementor-element elementor-element-da79941\" data-id=\"da79941\" data-element_type=\"column\" data-e-type=\"column\">\n\t\t\t<div class=\"elementor-widget-wrap elementor-element-populated\">\n\t\t\t\t\t\t<div class=\"elementor-element elementor-element-8498cd1 elementor-widget elementor-widget-spacer\" data-id=\"8498cd1\" data-element_type=\"widget\" data-e-type=\"widget\" data-widget_type=\"spacer.default\">\n\t\t\t\t<div class=\"elementor-widget-container\">\n\t\t\t\t\t\t\t<div class=\"elementor-spacer\">\n\t\t\t<div class=\"elementor-spacer-inner\"><\/div>\n\t\t<\/div>\n\t\t\t\t\t\t<\/div>\n\t\t\t\t<\/div>\n\t\t\t\t\t<\/div>\n\t\t<\/div>\n\t\t\t\t\t<\/div>\n\t\t<\/section>\n\t\t\t\t<section class=\"elementor-section elementor-top-section elementor-element elementor-element-4266fee elementor-section-boxed elementor-section-height-default elementor-section-height-default\" data-id=\"4266fee\" data-element_type=\"section\" data-e-type=\"section\">\n\t\t\t\t\t\t<div class=\"elementor-container elementor-column-gap-default\">\n\t\t\t\t\t<div class=\"elementor-column elementor-col-100 elementor-top-column elementor-element elementor-element-134223f\" data-id=\"134223f\" data-element_type=\"column\" data-e-type=\"column\">\n\t\t\t<div class=\"elementor-widget-wrap elementor-element-populated\">\n\t\t\t\t\t\t<div class=\"elementor-element elementor-element-36d8524 elementor-widget elementor-widget-text-editor\" data-id=\"36d8524\" data-element_type=\"widget\" data-e-type=\"widget\" data-widget_type=\"text-editor.default\">\n\t\t\t\t<div class=\"elementor-widget-container\">\n\t\t\t\t\t\t\t\t\t<h5 style=\"text-align: center;\">Tous les mardis de 14H \u00e0 17H<\/h5><h5 style=\"text-align: center;\">au Foyer Culturel de l\u2019Amiti\u00e9,<\/h5><h5 style=\"text-align: center;\">depuis \u00a02 ans<\/h5><h5 style=\"text-align: center;\">Des jeux, il y en a plein\u00a0: Skyjo, Just One, Tarot,\u00a0 6 qui prend, Pili Pili\u00a0\u2026et tous les autres,\u00a0 anciens ou nouveaux.<\/h5><h5 style=\"text-align: center;\">Pour tous les go\u00fbts\u00a0: strat\u00e9gie, lettres, chiffres,\u00a0 culture et plus encore<\/h5>\t\t\t\t\t\t\t\t<\/div>\n\t\t\t\t<\/div>\n\t\t\t\t<div class=\"elementor-element elementor-element-e649a9f elementor-widget elementor-widget-image\" data-id=\"e649a9f\" data-element_type=\"widget\" data-e-type=\"widget\" data-widget_type=\"image.default\">\n\t\t\t\t<div class=\"elementor-widget-container\">\n\t\t\t\t\t\t\t\t\t\t\t\t\t\t\t<img fetchpriority=\"high\" decoding=\"async\" width=\"750\" height=\"924\" src=\"https:\/\/fcalorient.fr\/wp-content\/uploads\/2026\/03\/20260310_142809-831x1024.jpg\" class=\"attachment-large size-large wp-image-2303\" alt=\"\" srcset=\"https:\/\/fcalorient.fr\/wp-content\/uploads\/2026\/03\/20260310_142809-831x1024.jpg 831w, https:\/\/fcalorient.fr\/wp-content\/uploads\/2026\/03\/20260310_142809-243x300.jpg 243w, https:\/\/fcalorient.fr\/wp-content\/uploads\/2026\/03\/20260310_142809-768x946.jpg 768w, https:\/\/fcalorient.fr\/wp-content\/uploads\/2026\/03\/20260310_142809-1246x1536.jpg 1246w, https:\/\/fcalorient.fr\/wp-content\/uploads\/2026\/03\/20260310_142809-1662x2048.jpg 1662w, https:\/\/fcalorient.fr\/wp-content\/uploads\/2026\/03\/20260310_142809-1320x1627.jpg 1320w\" sizes=\"(max-width: 750px) 100vw, 750px\" \/>\t\t\t\t\t\t\t\t\t\t\t\t\t\t\t<\/div>\n\t\t\t\t<\/div>\n\t\t\t\t\t<\/div>\n\t\t<\/div>\n\t\t\t\t\t<\/div>\n\t\t<\/section>\n\t\t\t\t<section class=\"elementor-section elementor-top-section elementor-element elementor-element-d3c2660 elementor-section-boxed elementor-section-height-default elementor-section-height-default\" data-id=\"d3c2660\" data-element_type=\"section\" data-e-type=\"section\">\n\t\t\t\t\t\t<div class=\"elementor-container elementor-column-gap-default\">\n\t\t\t\t\t<div class=\"elementor-column elementor-col-100 elementor-top-column elementor-element elementor-element-7eabe3f\" data-id=\"7eabe3f\" data-element_type=\"column\" data-e-type=\"column\">\n\t\t\t<div class=\"elementor-widget-wrap elementor-element-populated\">\n\t\t\t\t\t\t<div class=\"elementor-element elementor-element-15227db elementor-widget elementor-widget-image\" data-id=\"15227db\" data-element_type=\"widget\" data-e-type=\"widget\" data-widget_type=\"image.default\">\n\t\t\t\t<div class=\"elementor-widget-container\">\n\t\t\t\t\t\t\t\t\t\t\t\t\t\t\t<img decoding=\"async\" width=\"720\" height=\"960\" src=\"https:\/\/fcalorient.fr\/wp-content\/uploads\/2026\/04\/Texte-jds.jpg\" class=\"attachment-medium_large size-medium_large wp-image-2415\" alt=\"\" srcset=\"https:\/\/fcalorient.fr\/wp-content\/uploads\/2026\/04\/Texte-jds.jpg 720w, https:\/\/fcalorient.fr\/wp-content\/uploads\/2026\/04\/Texte-jds-225x300.jpg 225w\" sizes=\"(max-width: 720px) 100vw, 720px\" \/>\t\t\t\t\t\t\t\t\t\t\t\t\t\t\t<\/div>\n\t\t\t\t<\/div>\n\t\t\t\t\t<\/div>\n\t\t<\/div>\n\t\t\t\t\t<\/div>\n\t\t<\/section>\n\t\t\t\t<section class=\"elementor-section elementor-top-section elementor-element elementor-element-ca4537d elementor-section-boxed elementor-section-height-default elementor-section-height-default\" data-id=\"ca4537d\" data-element_type=\"section\" data-e-type=\"section\">\n\t\t\t\t\t\t<div class=\"elementor-container elementor-column-gap-default\">\n\t\t\t\t\t<div class=\"elementor-column elementor-col-33 elementor-top-column elementor-element elementor-element-e564b50\" data-id=\"e564b50\" data-element_type=\"column\" data-e-type=\"column\">\n\t\t\t<div class=\"elementor-widget-wrap elementor-element-populated\">\n\t\t\t\t\t\t<div class=\"elementor-element elementor-element-ebdef3f elementor-widget elementor-widget-image\" data-id=\"ebdef3f\" data-element_type=\"widget\" data-e-type=\"widget\" data-widget_type=\"image.default\">\n\t\t\t\t<div class=\"elementor-widget-container\">\n\t\t\t\t\t\t\t\t\t\t\t\t\t\t\t<img decoding=\"async\" width=\"300\" height=\"300\" src=\"https:\/\/fcalorient.fr\/wp-content\/uploads\/2026\/03\/360_F_141901589_Bhs9144yDWcRrjxgROwTJRGwuavpCwMD-300x300.jpg\" class=\"attachment-medium size-medium wp-image-2323\" alt=\"\" srcset=\"https:\/\/fcalorient.fr\/wp-content\/uploads\/2026\/03\/360_F_141901589_Bhs9144yDWcRrjxgROwTJRGwuavpCwMD-300x300.jpg 300w, https:\/\/fcalorient.fr\/wp-content\/uploads\/2026\/03\/360_F_141901589_Bhs9144yDWcRrjxgROwTJRGwuavpCwMD-150x150.jpg 150w, https:\/\/fcalorient.fr\/wp-content\/uploads\/2026\/03\/360_F_141901589_Bhs9144yDWcRrjxgROwTJRGwuavpCwMD.jpg 360w\" sizes=\"(max-width: 300px) 100vw, 300px\" \/>\t\t\t\t\t\t\t\t\t\t\t\t\t\t\t<\/div>\n\t\t\t\t<\/div>\n\t\t\t\t\t<\/div>\n\t\t<\/div>\n\t\t\t\t<div class=\"elementor-column elementor-col-33 elementor-top-column elementor-element elementor-element-80018dd\" data-id=\"80018dd\" data-element_type=\"column\" data-e-type=\"column\">\n\t\t\t<div class=\"elementor-widget-wrap elementor-element-populated\">\n\t\t\t\t\t\t<div class=\"elementor-element elementor-element-aff1238 elementor-widget elementor-widget-text-editor\" data-id=\"aff1238\" data-element_type=\"widget\" data-e-type=\"widget\" data-widget_type=\"text-editor.default\">\n\t\t\t\t<div class=\"elementor-widget-container\">\n\t\t\t\t\t\t\t\t\t<h5 style=\"text-align: center;\"><strong>Et puis arrive l\u2019heure du\u00a0 go\u00fbter bien m\u00e9rit\u00e9<\/strong><\/h5><h5 style=\"text-align: center;\">C\u2019est Marie Lou qui s\u2019occupe des petits g\u00e2teaux et de la Ricor\u00e9e<\/h5><h5 style=\"text-align: center;\">Et l\u00e0 aussi on papote, et l\u00e0 aussi on joue et on rit<\/h5><h2 style=\"text-align: center;\"><strong><span style=\"color: #3366ff;\">Ah le petit bac anim\u00e9 par Julie\u00a0!<\/span><\/strong><\/h2>\t\t\t\t\t\t\t\t<\/div>\n\t\t\t\t<\/div>\n\t\t\t\t\t<\/div>\n\t\t<\/div>\n\t\t\t\t<div class=\"elementor-column elementor-col-33 elementor-top-column elementor-element elementor-element-1cfa94f\" data-id=\"1cfa94f\" data-element_type=\"column\" data-e-type=\"column\">\n\t\t\t<div class=\"elementor-widget-wrap elementor-element-populated\">\n\t\t\t\t\t\t<div class=\"elementor-element elementor-element-027a464 elementor-widget elementor-widget-image\" data-id=\"027a464\" data-element_type=\"widget\" data-e-type=\"widget\" data-widget_type=\"image.default\">\n\t\t\t\t<div class=\"elementor-widget-container\">\n\t\t\t\t\t\t\t\t\t\t\t\t\t\t\t<img loading=\"lazy\" decoding=\"async\" width=\"260\" height=\"265\" src=\"https:\/\/fcalorient.fr\/wp-content\/uploads\/2026\/03\/coffee-cup-vector-clipart-design-260nw-1383528242-e1773680862935.png\" class=\"attachment-medium size-medium wp-image-2322\" alt=\"\" \/>\t\t\t\t\t\t\t\t\t\t\t\t\t\t\t<\/div>\n\t\t\t\t<\/div>\n\t\t\t\t\t<\/div>\n\t\t<\/div>\n\t\t\t\t\t<\/div>\n\t\t<\/section>\n\t\t\t\t<section class=\"elementor-section elementor-top-section elementor-element elementor-element-6783109 elementor-section-boxed elementor-section-height-default elementor-section-height-default\" data-id=\"6783109\" data-element_type=\"section\" data-e-type=\"section\">\n\t\t\t\t\t\t<div class=\"elementor-container elementor-column-gap-default\">\n\t\t\t\t\t<div class=\"elementor-column elementor-col-100 elementor-top-column elementor-element elementor-element-76aedd7\" data-id=\"76aedd7\" data-element_type=\"column\" data-e-type=\"column\">\n\t\t\t<div class=\"elementor-widget-wrap elementor-element-populated\">\n\t\t\t\t\t\t<div class=\"elementor-element elementor-element-ccfd8aa elementor-widget elementor-widget-spacer\" data-id=\"ccfd8aa\" data-element_type=\"widget\" data-e-type=\"widget\" data-widget_type=\"spacer.default\">\n\t\t\t\t<div class=\"elementor-widget-container\">\n\t\t\t\t\t\t\t<div class=\"elementor-spacer\">\n\t\t\t<div class=\"elementor-spacer-inner\"><\/div>\n\t\t<\/div>\n\t\t\t\t\t\t<\/div>\n\t\t\t\t<\/div>\n\t\t\t\t\t<\/div>\n\t\t<\/div>\n\t\t\t\t\t<\/div>\n\t\t<\/section>\n\t\t\t\t<section class=\"elementor-section elementor-top-section elementor-element elementor-element-0795fea elementor-section-boxed elementor-section-height-default elementor-section-height-default\" data-id=\"0795fea\" data-element_type=\"section\" data-e-type=\"section\">\n\t\t\t\t\t\t<div class=\"elementor-container elementor-column-gap-default\">\n\t\t\t\t\t<div class=\"elementor-column elementor-col-100 elementor-top-column elementor-element elementor-element-346d258\" data-id=\"346d258\" data-element_type=\"column\" data-e-type=\"column\">\n\t\t\t<div class=\"elementor-widget-wrap elementor-element-populated\">\n\t\t\t\t\t\t<div class=\"elementor-element elementor-element-e5d2c83 elementor-button-success elementor-align-center elementor-widget elementor-widget-button\" data-id=\"e5d2c83\" data-element_type=\"widget\" data-e-type=\"widget\" data-widget_type=\"button.default\">\n\t\t\t\t<div class=\"elementor-widget-container\">\n\t\t\t\t\t\t\t\t\t<div class=\"elementor-button-wrapper\">\n\t\t\t\t\t<a class=\"elementor-button elementor-button-link elementor-size-sm\" href=\"https:\/\/fcalorient.fr\/index.php\/elementor-2371\/\">\n\t\t\t\t\t\t<span class=\"elementor-button-content-wrapper\">\n\t\t\t\t\t\t\t\t\t<span class=\"elementor-button-text\">Le contact pour nous rejoindre<\/span>\n\t\t\t\t\t<\/span>\n\t\t\t\t\t<\/a>\n\t\t\t\t<\/div>\n\t\t\t\t\t\t\t\t<\/div>\n\t\t\t\t<\/div>\n\t\t\t\t<div class=\"elementor-element elementor-element-27fb3a9 elementor-widget elementor-widget-spacer\" data-id=\"27fb3a9\" data-element_type=\"widget\" data-e-type=\"widget\" data-widget_type=\"spacer.default\">\n\t\t\t\t<div class=\"elementor-widget-container\">\n\t\t\t\t\t\t\t<div class=\"elementor-spacer\">\n\t\t\t<div class=\"elementor-spacer-inner\"><\/div>\n\t\t<\/div>\n\t\t\t\t\t\t<\/div>\n\t\t\t\t<\/div>\n\t\t\t\t\t<\/div>\n\t\t<\/div>\n\t\t\t\t\t<\/div>\n\t\t<\/section>\n\t\t\t\t<\/div>\n\t\t","protected":false},"excerpt":{"rendered":"<p>LE COIN DES JOUEURS Tous les mardis de 14H \u00e0 17H au Foyer Culturel de l\u2019Amiti\u00e9, depuis \u00a02 ans Des jeux, il y en a plein\u00a0: Skyjo, Just One, Tarot,\u00a0 6 qui prend, Pili Pili\u00a0\u2026et tous les autres,\u00a0 anciens ou nouveaux. Pour tous les go\u00fbts\u00a0: strat\u00e9gie, lettres, chiffres,\u00a0 culture et [&hellip;]<\/p>\n","protected":false},"author":1,"featured_media":0,"parent":0,"menu_order":0,"comment_status":"closed","ping_status":"closed","template":"page-templates\/template-pagebuilder-full-width.php","meta":{"om_disable_all_campaigns":false,"_monsterinsights_skip_tracking":false,"_monsterinsights_sitenote_active":false,"_monsterinsights_sitenote_note":"","_monsterinsights_sitenote_category":0,"footnotes":""},"class_list":["post-362","page","type-page","status-publish","hentry"],"_links":{"self":[{"href":"https:\/\/fcalorient.fr\/index.php\/wp-json\/wp\/v2\/pages\/362","targetHints":{"allow":["GET"]}}],"collection":[{"href":"https:\/\/fcalorient.fr\/index.php\/wp-json\/wp\/v2\/pages"}],"about":[{"href":"https:\/\/fcalorient.fr\/index.php\/wp-json\/wp\/v2\/types\/page"}],"author":[{"embeddable":true,"href":"https:\/\/fcalorient.fr\/index.php\/wp-json\/wp\/v2\/users\/1"}],"replies":[{"embeddable":true,"href":"https:\/\/fcalorient.fr\/index.php\/wp-json\/wp\/v2\/comments?post=362"}],"version-history":[{"count":85,"href":"https:\/\/fcalorient.fr\/index.php\/wp-json\/wp\/v2\/pages\/362\/revisions"}],"predecessor-version":[{"id":2427,"href":"https:\/\/fcalorient.fr\/index.php\/wp-json\/wp\/v2\/pages\/362\/revisions\/2427"}],"wp:attachment":[{"href":"https:\/\/fcalorient.fr\/index.php\/wp-json\/wp\/v2\/media?parent=362"}],"curies":[{"name":"wp","href":"https:\/\/api.w.org\/{rel}","templated":true}]}}