{"id":344,"date":"2022-10-06T08:25:00","date_gmt":"2022-10-06T08:25:00","guid":{"rendered":"https:\/\/fcalorient.fr\/?page_id=344"},"modified":"2022-12-21T09:04:25","modified_gmt":"2022-12-21T09:04:25","slug":"elementor-344","status":"publish","type":"page","link":"https:\/\/fcalorient.fr\/index.php\/elementor-344\/","title":{"rendered":"Activit\u00e9 Espagnol"},"content":{"rendered":"\t\t<div data-elementor-type=\"wp-page\" data-elementor-id=\"344\" class=\"elementor elementor-344\">\n\t\t\t\t\t\t<section class=\"elementor-section elementor-top-section elementor-element elementor-element-2b6bd004 elementor-section-boxed elementor-section-height-default elementor-section-height-default\" data-id=\"2b6bd004\" data-element_type=\"section\" data-e-type=\"section\">\n\t\t\t\t\t\t<div class=\"elementor-container elementor-column-gap-default\">\n\t\t\t\t\t<div class=\"elementor-column elementor-col-100 elementor-top-column elementor-element elementor-element-6cf64b0e\" data-id=\"6cf64b0e\" data-element_type=\"column\" data-e-type=\"column\">\n\t\t\t<div class=\"elementor-widget-wrap elementor-element-populated\">\n\t\t\t\t\t\t<div class=\"elementor-element elementor-element-10703998 elementor-widget elementor-widget-heading\" data-id=\"10703998\" data-element_type=\"widget\" data-e-type=\"widget\" data-widget_type=\"heading.default\">\n\t\t\t\t<div class=\"elementor-widget-container\">\n\t\t\t\t\t<h2 class=\"elementor-heading-title elementor-size-default\">L'Espagnol<\/h2>\t\t\t\t<\/div>\n\t\t\t\t<\/div>\n\t\t\t\t\t<\/div>\n\t\t<\/div>\n\t\t\t\t\t<\/div>\n\t\t<\/section>\n\t\t\t\t<section class=\"elementor-section elementor-top-section elementor-element elementor-element-3d59dd2f elementor-section-boxed elementor-section-height-default elementor-section-height-default\" data-id=\"3d59dd2f\" data-element_type=\"section\" data-e-type=\"section\">\n\t\t\t\t\t\t<div class=\"elementor-container elementor-column-gap-default\">\n\t\t\t\t\t<div class=\"elementor-column elementor-col-100 elementor-top-column elementor-element elementor-element-73a2fc56\" data-id=\"73a2fc56\" data-element_type=\"column\" data-e-type=\"column\">\n\t\t\t<div class=\"elementor-widget-wrap elementor-element-populated\">\n\t\t\t\t\t\t<div class=\"elementor-element elementor-element-1bbe3253 elementor-widget elementor-widget-image\" data-id=\"1bbe3253\" data-element_type=\"widget\" data-e-type=\"widget\" data-widget_type=\"image.default\">\n\t\t\t\t<div class=\"elementor-widget-container\">\n\t\t\t\t\t\t\t\t\t\t\t\t\t\t\t<img fetchpriority=\"high\" decoding=\"async\" width=\"640\" height=\"458\" src=\"https:\/\/fcalorient.fr\/wp-content\/uploads\/2022\/10\/amerique-latine.jpg\" class=\"attachment-large size-large wp-image-193\" alt=\"\" srcset=\"https:\/\/fcalorient.fr\/wp-content\/uploads\/2022\/10\/amerique-latine.jpg 640w, https:\/\/fcalorient.fr\/wp-content\/uploads\/2022\/10\/amerique-latine-300x215.jpg 300w\" sizes=\"(max-width: 640px) 100vw, 640px\" \/>\t\t\t\t\t\t\t\t\t\t\t\t\t\t\t<\/div>\n\t\t\t\t<\/div>\n\t\t\t\t<div class=\"elementor-element elementor-element-200a121b elementor-widget elementor-widget-text-editor\" data-id=\"200a121b\" data-element_type=\"widget\" data-e-type=\"widget\" data-widget_type=\"text-editor.default\">\n\t\t\t\t<div class=\"elementor-widget-container\">\n\t\t\t\t\t\t\t\t\t<p style=\"text-align: center;\"><strong><span style=\"color: #0000ff;\">Pays dont la langue officielle est l&rsquo;espagnol<\/span><\/strong><\/p>\t\t\t\t\t\t\t\t<\/div>\n\t\t\t\t<\/div>\n\t\t\t\t\t<\/div>\n\t\t<\/div>\n\t\t\t\t\t<\/div>\n\t\t<\/section>\n\t\t\t\t<section class=\"elementor-section elementor-top-section elementor-element elementor-element-548f6852 elementor-section-boxed elementor-section-height-default elementor-section-height-default\" data-id=\"548f6852\" data-element_type=\"section\" data-e-type=\"section\">\n\t\t\t\t\t\t<div class=\"elementor-container elementor-column-gap-default\">\n\t\t\t\t\t<div class=\"elementor-column elementor-col-25 elementor-top-column elementor-element elementor-element-21f76510\" data-id=\"21f76510\" data-element_type=\"column\" data-e-type=\"column\">\n\t\t\t<div class=\"elementor-widget-wrap elementor-element-populated\">\n\t\t\t\t\t\t<div class=\"elementor-element elementor-element-5bc8bf2e elementor-widget elementor-widget-image\" data-id=\"5bc8bf2e\" data-element_type=\"widget\" data-e-type=\"widget\" data-widget_type=\"image.default\">\n\t\t\t\t<div class=\"elementor-widget-container\">\n\t\t\t\t\t\t\t\t\t\t\t\t\t\t\t<img decoding=\"async\" width=\"150\" height=\"150\" src=\"https:\/\/fcalorient.fr\/wp-content\/uploads\/2022\/10\/parler1-150x150.png\" class=\"attachment-thumbnail size-thumbnail wp-image-194\" alt=\"\" srcset=\"https:\/\/fcalorient.fr\/wp-content\/uploads\/2022\/10\/parler1-150x150.png 150w, https:\/\/fcalorient.fr\/wp-content\/uploads\/2022\/10\/parler1.png 225w\" sizes=\"(max-width: 150px) 100vw, 150px\" \/>\t\t\t\t\t\t\t\t\t\t\t\t\t\t\t<\/div>\n\t\t\t\t<\/div>\n\t\t\t\t\t<\/div>\n\t\t<\/div>\n\t\t\t\t<div class=\"elementor-column elementor-col-50 elementor-top-column elementor-element elementor-element-261e1360\" data-id=\"261e1360\" data-element_type=\"column\" data-e-type=\"column\">\n\t\t\t<div class=\"elementor-widget-wrap elementor-element-populated\">\n\t\t\t\t\t\t<div class=\"elementor-element elementor-element-206b895f elementor-widget elementor-widget-text-editor\" data-id=\"206b895f\" data-element_type=\"widget\" data-e-type=\"widget\" data-widget_type=\"text-editor.default\">\n\t\t\t\t<div class=\"elementor-widget-container\">\n\t\t\t\t\t\t\t\t\t<h5 style=\"text-align: center;\"><strong><span style=\"color: #0000ff;\">A propos, que nous en disent les participant.e.s \u00e0 l&rsquo;activit\u00e9 ?<\/span><\/strong><\/h5>\t\t\t\t\t\t\t\t<\/div>\n\t\t\t\t<\/div>\n\t\t\t\t\t<\/div>\n\t\t<\/div>\n\t\t\t\t<div class=\"elementor-column elementor-col-25 elementor-top-column elementor-element elementor-element-dd6f179\" data-id=\"dd6f179\" data-element_type=\"column\" data-e-type=\"column\">\n\t\t\t<div class=\"elementor-widget-wrap elementor-element-populated\">\n\t\t\t\t\t\t<div class=\"elementor-element elementor-element-5c17776f elementor-widget elementor-widget-image\" data-id=\"5c17776f\" data-element_type=\"widget\" data-e-type=\"widget\" data-widget_type=\"image.default\">\n\t\t\t\t<div class=\"elementor-widget-container\">\n\t\t\t\t\t\t\t\t\t\t\t\t\t\t\t<img decoding=\"async\" width=\"150\" height=\"150\" src=\"https:\/\/fcalorient.fr\/wp-content\/uploads\/2022\/10\/parler2-150x150.png\" class=\"attachment-thumbnail size-thumbnail wp-image-195\" alt=\"\" srcset=\"https:\/\/fcalorient.fr\/wp-content\/uploads\/2022\/10\/parler2-150x150.png 150w, https:\/\/fcalorient.fr\/wp-content\/uploads\/2022\/10\/parler2.png 225w\" sizes=\"(max-width: 150px) 100vw, 150px\" \/>\t\t\t\t\t\t\t\t\t\t\t\t\t\t\t<\/div>\n\t\t\t\t<\/div>\n\t\t\t\t\t<\/div>\n\t\t<\/div>\n\t\t\t\t\t<\/div>\n\t\t<\/section>\n\t\t\t\t<section class=\"elementor-section elementor-top-section elementor-element elementor-element-acc5728 elementor-section-boxed elementor-section-height-default elementor-section-height-default\" data-id=\"acc5728\" data-element_type=\"section\" data-e-type=\"section\">\n\t\t\t\t\t\t<div class=\"elementor-container elementor-column-gap-default\">\n\t\t\t\t\t<div class=\"elementor-column elementor-col-50 elementor-top-column elementor-element elementor-element-3b01322c\" data-id=\"3b01322c\" data-element_type=\"column\" data-e-type=\"column\">\n\t\t\t<div class=\"elementor-widget-wrap elementor-element-populated\">\n\t\t\t\t\t\t<div class=\"elementor-element elementor-element-725117e9 elementor-widget elementor-widget-text-editor\" data-id=\"725117e9\" data-element_type=\"widget\" data-e-type=\"widget\" data-widget_type=\"text-editor.default\">\n\t\t\t\t<div class=\"elementor-widget-container\">\n\t\t\t\t\t\t\t\t\t<p><strong><span style=\"color: #333333;\">Somos un grupo de alumnas entusiastas y motivadas,<\/span><\/strong><\/p><p><strong><span style=\"color: #333333;\">reunidas en el hogar de la amistad los viernes por la ma\u00f1ana<\/span><\/strong><\/p><p><strong><span style=\"color: #333333;\">con la \u00fanica meta: estudiar sin estr\u00e9s<\/span><\/strong><\/p><p><strong><span style=\"color: #333333;\">la lengua espa\u00f1ola de Cervantes aprender.\u00a0<\/span><\/strong><\/p><p><strong><span style=\"color: #333333;\">sin juicio, ni menosprecio, sin competencia ni grandilocuencia,<\/span><\/strong><\/p><p><strong><span style=\"color: #333333;\">hacemos la tarea con gran bienquerencia,<\/span><\/strong><\/p><p><strong><span style=\"color: #333333;\">cada una con su nivel<\/span><\/strong><\/p><p><strong><span style=\"color: #333333;\">hace el trabajo previsto por Daniel.\u00a0<\/span><\/strong><\/p><p><strong><span style=\"color: #333333;\">con este nuevo profesor, un joven encantador,<\/span><\/strong><\/p><p><strong><span style=\"color: #333333;\">todo pasa en buen humor.<\/span><\/strong><\/p><p><strong><span style=\"color: #333333;\">le debemos congratular por su benevolencia e inmensa paciencia.<\/span><\/strong><\/p><p><strong><span style=\"color: #333333;\">nuestras faltas \u00e9l disculpa y su lengua natal nos inculca.\u00a0<\/span><\/strong><\/p><p><strong><span style=\"color: #333333;\">Muy pronto, el pret\u00e9rito indefinido y tambi\u00e9n el subjuntivo<\/span><\/strong><\/p><p><strong><span style=\"color: #333333;\">ya no tendr\u00e1 secreto ni la e\u00f1e del alfabeto.<\/span><\/strong><\/p><p><strong><span style=\"color: #333333;\">ni hablar de examen, ni siquiera de certamen,<\/span><\/strong><\/p><p><strong><span style=\"color: #333333;\">trabajamos en la alegr\u00eda porque cualquier duda se aclarar\u00eda.<\/span><\/strong><\/p><p><strong><span style=\"color: #333333;\">de vez en cuando y al final del a\u00f1o,<\/span><\/strong><\/p><p><strong><span style=\"color: #333333;\">de un restaurante disfrutamos,<\/span><\/strong><\/p><p><strong><span style=\"color: #333333;\">momentos de placer y de relajamiento,<\/span><\/strong><\/p><p><strong><span style=\"color: #333333;\">que compartimos sin aburrimiento.<\/span><\/strong><\/p><p><strong><span style=\"color: #333333;\">As\u00ed es nuestro curso, nunca aburrido, ni fastidioso.<\/span><\/strong><\/p><p><strong><span style=\"color: #333333;\">no quisi\u00e9ramos perderlo y vamos a protegerlo\u00a0\u00a0<\/span><\/strong><\/p>\t\t\t\t\t\t\t\t<\/div>\n\t\t\t\t<\/div>\n\t\t\t\t\t<\/div>\n\t\t<\/div>\n\t\t\t\t<div class=\"elementor-column elementor-col-50 elementor-top-column elementor-element elementor-element-52d1fcfc\" data-id=\"52d1fcfc\" data-element_type=\"column\" data-e-type=\"column\">\n\t\t\t<div class=\"elementor-widget-wrap elementor-element-populated\">\n\t\t\t\t\t\t<div class=\"elementor-element elementor-element-2ac65558 elementor-widget elementor-widget-text-editor\" data-id=\"2ac65558\" data-element_type=\"widget\" data-e-type=\"widget\" data-widget_type=\"text-editor.default\">\n\t\t\t\t<div class=\"elementor-widget-container\">\n\t\t\t\t\t\t\t\t\t<p><strong>Nous sommes un groupe d&rsquo;\u00e9l\u00e8ves<\/strong><\/p><p><strong>R\u00e9unis tous les vendredis a<\/strong><strong>u Foyer de l\u2019Amiti\u00e9<\/strong><\/p><p><strong>Passionn\u00e9s et motiv\u00e9s.<\/strong><\/p><p><strong>Nous n\u2019avons qu\u2019un objectif\u00a0:<\/strong><\/p><p><strong>R\u00e9cr\u00e9atif et attractif, communiquer surtout sans stress<\/strong><\/p><p><strong>Dans la langue de Cervantes.<\/strong><\/p><p><strong>Sans jugement, ni m\u00e9pris, sans concurrence ni grandiloquence, <\/strong><\/p><p><strong>Chacune fait comme il peut , avec son propre potentiel,<\/strong><\/p><p><strong>Le travail pr\u00e9vu par Daniel.<\/strong><\/p><p><strong>Avec ce nouveau professeur, un jeune homme au grand c\u0153ur,<\/strong><\/p><p><strong>Tout se d\u00e9roule dans la bonne humeur.<\/strong><\/p><p><strong>Il faut le f\u00e9liciter<\/strong><\/p><p><strong>Pour sa bienveillance et son immense patience.<\/strong><\/p><p><strong>Il nous pardonne nos erreurs et d\u2019une fa\u00e7on tr\u00e8s amicale nous apprend sa langue natale.<\/strong><\/p><p><strong>Pas question pour nous d\u2019examen, nous avons pass\u00e9 la main.<\/strong><\/p><p><strong>De temps en temps et lors des f\u00eates, <\/strong><\/p><p><strong>Nous nous faisons une dinette,<\/strong><\/p><p><strong>Histoire de nous tailler une bavette.<\/strong><\/p><p><strong>Ni ennuyeux ni fastidieux, <\/strong><\/p><p><strong>Le vendredi, oui, c\u2019est sacr\u00e9, y a espagnol, <\/strong><\/p><p><strong>A vos cahiers, faut pas l\u2019rater. <\/strong><\/p>\t\t\t\t\t\t\t\t<\/div>\n\t\t\t\t<\/div>\n\t\t\t\t\t<\/div>\n\t\t<\/div>\n\t\t\t\t\t<\/div>\n\t\t<\/section>\n\t\t\t\t<section class=\"elementor-section elementor-top-section elementor-element elementor-element-46af9f7a elementor-section-boxed elementor-section-height-default elementor-section-height-default\" data-id=\"46af9f7a\" data-element_type=\"section\" data-e-type=\"section\">\n\t\t\t\t\t\t<div class=\"elementor-container elementor-column-gap-default\">\n\t\t\t\t\t<div class=\"elementor-column elementor-col-16 elementor-top-column elementor-element elementor-element-3a324bbc\" data-id=\"3a324bbc\" data-element_type=\"column\" data-e-type=\"column\">\n\t\t\t<div class=\"elementor-widget-wrap\">\n\t\t\t\t\t\t\t<\/div>\n\t\t<\/div>\n\t\t\t\t<div class=\"elementor-column elementor-col-66 elementor-top-column elementor-element elementor-element-3ed3437d\" data-id=\"3ed3437d\" data-element_type=\"column\" data-e-type=\"column\">\n\t\t\t<div class=\"elementor-widget-wrap elementor-element-populated\">\n\t\t\t\t\t\t<div class=\"elementor-element elementor-element-7b51b80f elementor-widget elementor-widget-text-editor\" data-id=\"7b51b80f\" data-element_type=\"widget\" data-e-type=\"widget\" data-widget_type=\"text-editor.default\">\n\t\t\t\t<div class=\"elementor-widget-container\">\n\t\t\t\t\t\t\t\t\t<h5 style=\"text-align: center;\"><strong><span style=\"color: #0000ff;\">Coordonn\u00e9es de l&rsquo;animateur de l&rsquo;activit\u00e9 &#8230;<\/span><\/strong><\/h5>\t\t\t\t\t\t\t\t<\/div>\n\t\t\t\t<\/div>\n\t\t\t\t\t<\/div>\n\t\t<\/div>\n\t\t\t\t<div class=\"elementor-column elementor-col-16 elementor-top-column elementor-element elementor-element-1095240\" data-id=\"1095240\" data-element_type=\"column\" data-e-type=\"column\">\n\t\t\t<div class=\"elementor-widget-wrap\">\n\t\t\t\t\t\t\t<\/div>\n\t\t<\/div>\n\t\t\t\t\t<\/div>\n\t\t<\/section>\n\t\t\t\t<section class=\"elementor-section elementor-top-section elementor-element elementor-element-4731d647 elementor-section-boxed elementor-section-height-default elementor-section-height-default\" data-id=\"4731d647\" data-element_type=\"section\" data-e-type=\"section\">\n\t\t\t\t\t\t<div class=\"elementor-container elementor-column-gap-default\">\n\t\t\t\t\t<div class=\"elementor-column elementor-col-100 elementor-top-column elementor-element elementor-element-1821de63\" data-id=\"1821de63\" data-element_type=\"column\" data-e-type=\"column\">\n\t\t\t<div class=\"elementor-widget-wrap elementor-element-populated\">\n\t\t\t\t\t\t<div class=\"elementor-element elementor-element-1f4d814 elementor-view-default elementor-widget elementor-widget-icon\" data-id=\"1f4d814\" data-element_type=\"widget\" data-e-type=\"widget\" data-widget_type=\"icon.default\">\n\t\t\t\t<div class=\"elementor-widget-container\">\n\t\t\t\t\t\t\t<div class=\"elementor-icon-wrapper\">\n\t\t\t<a class=\"elementor-icon elementor-animation-bob\" href=\"https:\/\/fcalorient.fr\/index.php\/elementor-501\/\">\n\t\t\t<i aria-hidden=\"true\" class=\"fas fa-smile\"><\/i>\t\t\t<\/a>\n\t\t<\/div>\n\t\t\t\t\t\t<\/div>\n\t\t\t\t<\/div>\n\t\t\t\t\t<\/div>\n\t\t<\/div>\n\t\t\t\t\t<\/div>\n\t\t<\/section>\n\t\t\t\t<\/div>\n\t\t","protected":false},"excerpt":{"rendered":"<p>L&rsquo;Espagnol Pays dont la langue officielle est l&rsquo;espagnol A propos, que nous en disent les participant.e.s \u00e0 l&rsquo;activit\u00e9 ? Somos un grupo de alumnas entusiastas y motivadas, reunidas en el hogar de la amistad los viernes por la ma\u00f1ana con la \u00fanica meta: estudiar sin estr\u00e9s la lengua espa\u00f1ola de [&hellip;]<\/p>\n","protected":false},"author":1,"featured_media":0,"parent":0,"menu_order":0,"comment_status":"closed","ping_status":"closed","template":"page-templates\/template-pagebuilder-full-width.php","meta":{"om_disable_all_campaigns":false,"_monsterinsights_skip_tracking":false,"_monsterinsights_sitenote_active":false,"_monsterinsights_sitenote_note":"","_monsterinsights_sitenote_category":0,"footnotes":""},"class_list":["post-344","page","type-page","status-publish","hentry"],"_links":{"self":[{"href":"https:\/\/fcalorient.fr\/index.php\/wp-json\/wp\/v2\/pages\/344","targetHints":{"allow":["GET"]}}],"collection":[{"href":"https:\/\/fcalorient.fr\/index.php\/wp-json\/wp\/v2\/pages"}],"about":[{"href":"https:\/\/fcalorient.fr\/index.php\/wp-json\/wp\/v2\/types\/page"}],"author":[{"embeddable":true,"href":"https:\/\/fcalorient.fr\/index.php\/wp-json\/wp\/v2\/users\/1"}],"replies":[{"embeddable":true,"href":"https:\/\/fcalorient.fr\/index.php\/wp-json\/wp\/v2\/comments?post=344"}],"version-history":[{"count":14,"href":"https:\/\/fcalorient.fr\/index.php\/wp-json\/wp\/v2\/pages\/344\/revisions"}],"predecessor-version":[{"id":942,"href":"https:\/\/fcalorient.fr\/index.php\/wp-json\/wp\/v2\/pages\/344\/revisions\/942"}],"wp:attachment":[{"href":"https:\/\/fcalorient.fr\/index.php\/wp-json\/wp\/v2\/media?parent=344"}],"curies":[{"name":"wp","href":"https:\/\/api.w.org\/{rel}","templated":true}]}}