{"id":332,"date":"2022-10-06T08:21:12","date_gmt":"2022-10-06T08:21:12","guid":{"rendered":"https:\/\/fcalorient.fr\/?page_id=332"},"modified":"2026-04-01T17:31:34","modified_gmt":"2026-04-01T17:31:34","slug":"elementor-332","status":"publish","type":"page","link":"https:\/\/fcalorient.fr\/index.php\/elementor-332\/","title":{"rendered":"Activit\u00e9 Chorale Mouezh Al Lun"},"content":{"rendered":"\t\t<div data-elementor-type=\"wp-page\" data-elementor-id=\"332\" class=\"elementor elementor-332\">\n\t\t\t\t\t\t<section class=\"elementor-section elementor-top-section elementor-element elementor-element-5d44f430 elementor-section-boxed elementor-section-height-default elementor-section-height-default\" data-id=\"5d44f430\" data-element_type=\"section\" data-e-type=\"section\">\n\t\t\t\t\t\t<div class=\"elementor-container elementor-column-gap-default\">\n\t\t\t\t\t<div class=\"elementor-column elementor-col-100 elementor-top-column elementor-element elementor-element-34e4fa0b\" data-id=\"34e4fa0b\" data-element_type=\"column\" data-e-type=\"column\">\n\t\t\t<div class=\"elementor-widget-wrap elementor-element-populated\">\n\t\t\t\t\t\t<div class=\"elementor-element elementor-element-14b2e052 elementor-widget elementor-widget-heading\" data-id=\"14b2e052\" data-element_type=\"widget\" data-e-type=\"widget\" data-widget_type=\"heading.default\">\n\t\t\t\t<div class=\"elementor-widget-container\">\n\t\t\t\t\t<h2 class=\"elementor-heading-title elementor-size-default\">La Chorale MOUEZH AL LUN<\/h2>\t\t\t\t<\/div>\n\t\t\t\t<\/div>\n\t\t\t\t\t<\/div>\n\t\t<\/div>\n\t\t\t\t\t<\/div>\n\t\t<\/section>\n\t\t\t\t<section class=\"elementor-section elementor-top-section elementor-element elementor-element-203c3dfb elementor-section-boxed elementor-section-height-default elementor-section-height-default\" data-id=\"203c3dfb\" data-element_type=\"section\" data-e-type=\"section\">\n\t\t\t\t\t\t<div class=\"elementor-container elementor-column-gap-default\">\n\t\t\t\t\t<div class=\"elementor-column elementor-col-100 elementor-top-column elementor-element elementor-element-497ef482\" data-id=\"497ef482\" data-element_type=\"column\" data-e-type=\"column\">\n\t\t\t<div class=\"elementor-widget-wrap elementor-element-populated\">\n\t\t\t\t\t\t<div class=\"elementor-element elementor-element-719fbae9 elementor-widget elementor-widget-spacer\" data-id=\"719fbae9\" data-element_type=\"widget\" data-e-type=\"widget\" data-widget_type=\"spacer.default\">\n\t\t\t\t<div class=\"elementor-widget-container\">\n\t\t\t\t\t\t\t<div class=\"elementor-spacer\">\n\t\t\t<div class=\"elementor-spacer-inner\"><\/div>\n\t\t<\/div>\n\t\t\t\t\t\t<\/div>\n\t\t\t\t<\/div>\n\t\t\t\t\t<\/div>\n\t\t<\/div>\n\t\t\t\t\t<\/div>\n\t\t<\/section>\n\t\t\t\t<section class=\"elementor-section elementor-top-section elementor-element elementor-element-5dceab64 elementor-section-boxed elementor-section-height-default elementor-section-height-default\" data-id=\"5dceab64\" data-element_type=\"section\" data-e-type=\"section\">\n\t\t\t\t\t\t<div class=\"elementor-container elementor-column-gap-default\">\n\t\t\t\t\t<div class=\"elementor-column elementor-col-100 elementor-top-column elementor-element elementor-element-d6d1559\" data-id=\"d6d1559\" data-element_type=\"column\" data-e-type=\"column\">\n\t\t\t<div class=\"elementor-widget-wrap elementor-element-populated\">\n\t\t\t\t\t\t<div class=\"elementor-element elementor-element-39bdbd6f elementor-widget elementor-widget-image\" data-id=\"39bdbd6f\" data-element_type=\"widget\" data-e-type=\"widget\" data-widget_type=\"image.default\">\n\t\t\t\t<div class=\"elementor-widget-container\">\n\t\t\t\t\t\t\t\t\t\t\t\t\t\t\t<img fetchpriority=\"high\" decoding=\"async\" width=\"750\" height=\"968\" src=\"https:\/\/fcalorient.fr\/wp-content\/uploads\/2026\/02\/Mouezh-Al-lun-768x991.png\" class=\"attachment-medium_large size-medium_large wp-image-2194\" alt=\"\" srcset=\"https:\/\/fcalorient.fr\/wp-content\/uploads\/2026\/02\/Mouezh-Al-lun-768x991.png 768w, https:\/\/fcalorient.fr\/wp-content\/uploads\/2026\/02\/Mouezh-Al-lun-232x300.png 232w, https:\/\/fcalorient.fr\/wp-content\/uploads\/2026\/02\/Mouezh-Al-lun.png 787w\" sizes=\"(max-width: 750px) 100vw, 750px\" \/>\t\t\t\t\t\t\t\t\t\t\t\t\t\t\t<\/div>\n\t\t\t\t<\/div>\n\t\t\t\t\t<\/div>\n\t\t<\/div>\n\t\t\t\t\t<\/div>\n\t\t<\/section>\n\t\t\t\t<section class=\"elementor-section elementor-top-section elementor-element elementor-element-61d2a6ef elementor-section-boxed elementor-section-height-default elementor-section-height-default\" data-id=\"61d2a6ef\" data-element_type=\"section\" data-e-type=\"section\">\n\t\t\t\t\t\t<div class=\"elementor-container elementor-column-gap-default\">\n\t\t\t\t\t<div class=\"elementor-column elementor-col-100 elementor-top-column elementor-element elementor-element-81af044\" data-id=\"81af044\" data-element_type=\"column\" data-e-type=\"column\">\n\t\t\t<div class=\"elementor-widget-wrap elementor-element-populated\">\n\t\t\t\t\t\t<div class=\"elementor-element elementor-element-40abf88e elementor-widget elementor-widget-text-editor\" data-id=\"40abf88e\" data-element_type=\"widget\" data-e-type=\"widget\" data-widget_type=\"text-editor.default\">\n\t\t\t\t<div class=\"elementor-widget-container\">\n\t\t\t\t\t\t\t\t\t<h4 style=\"text-align: center;\">Ami.e.s s\u00e9niors, vous qui aimez chanter, n&rsquo;h\u00e9sitez pas \u00e0 rejoindre la chorale\u00a0 \u00ab\u00a0<strong>Mouezh al Lun\u00a0\u00bb<\/strong>.<\/h4><h5 style=\"text-align: center;\">La chorale interpr\u00e8te un r\u00e9pertoire de chansons fran\u00e7aises des ann\u00e9es 1960 \u00e0 2000, renouvel\u00e9 et vari\u00e9, enregistre ses prestations pour progresser et visionne des vid\u00e9os des chansons travaill\u00e9es.<\/h5><h5 style=\"text-align: center;\">L&rsquo;approche est \u00e0 la fois conviviale et s\u00e9rieuse, et des projets de collaborations musicales sont en cours.<\/h5><h5 style=\"text-align: center;\">Vous \u00eates toutes et tous les bienvenu.e.s, m\u00eame les plus h\u00e9sitant.e.s, m\u00eame les d\u00e9butant.e.s !<\/h5><h5 style=\"text-align: center;\">Les r\u00e9p\u00e9titions ont lieu les lundis de 17h \u00e0 18h30<\/h5><h5 style=\"text-align: center;\">Exemples de projets : interventions dans des EHPAD (Kerbern\u00e8s et autres \u00e0 Lorient), participation \u00e0 la F\u00eate de la musique en EHPAD, et \u00e0 La Lorientaise Octobre Rose 2026<\/h5>\t\t\t\t\t\t\t\t<\/div>\n\t\t\t\t<\/div>\n\t\t\t\t\t<\/div>\n\t\t<\/div>\n\t\t\t\t\t<\/div>\n\t\t<\/section>\n\t\t\t\t<section class=\"elementor-section elementor-top-section elementor-element elementor-element-9902c61 elementor-section-boxed elementor-section-height-default elementor-section-height-default\" data-id=\"9902c61\" data-element_type=\"section\" data-e-type=\"section\">\n\t\t\t\t\t\t<div class=\"elementor-container elementor-column-gap-default\">\n\t\t\t\t\t<div class=\"elementor-column elementor-col-100 elementor-top-column elementor-element elementor-element-f2ae031\" data-id=\"f2ae031\" data-element_type=\"column\" data-e-type=\"column\">\n\t\t\t<div class=\"elementor-widget-wrap elementor-element-populated\">\n\t\t\t\t\t\t<div class=\"elementor-element elementor-element-f2e83c7 elementor-align-center elementor-widget elementor-widget-button\" data-id=\"f2e83c7\" data-element_type=\"widget\" data-e-type=\"widget\" data-widget_type=\"button.default\">\n\t\t\t\t<div class=\"elementor-widget-container\">\n\t\t\t\t\t\t\t\t\t<div class=\"elementor-button-wrapper\">\n\t\t\t\t\t<a class=\"elementor-button elementor-button-link elementor-size-sm\" href=\"https:\/\/www.facebook.com\/groups\/1304143538230087\/\">\n\t\t\t\t\t\t<span class=\"elementor-button-content-wrapper\">\n\t\t\t\t\t\t<span class=\"elementor-button-icon\">\n\t\t\t\t<i aria-hidden=\"true\" class=\"fab fa-facebook-square\"><\/i>\t\t\t<\/span>\n\t\t\t\t\t\t\t\t\t<span class=\"elementor-button-text\">consultez \u00e9galement la page Facebook<\/span>\n\t\t\t\t\t<\/span>\n\t\t\t\t\t<\/a>\n\t\t\t\t<\/div>\n\t\t\t\t\t\t\t\t<\/div>\n\t\t\t\t<\/div>\n\t\t\t\t\t<\/div>\n\t\t<\/div>\n\t\t\t\t\t<\/div>\n\t\t<\/section>\n\t\t\t\t<section class=\"elementor-section elementor-top-section elementor-element elementor-element-d63a941 elementor-section-boxed elementor-section-height-default elementor-section-height-default\" data-id=\"d63a941\" data-element_type=\"section\" data-e-type=\"section\">\n\t\t\t\t\t\t<div class=\"elementor-container elementor-column-gap-default\">\n\t\t\t\t\t<div class=\"elementor-column elementor-col-100 elementor-top-column elementor-element elementor-element-e702cf4\" data-id=\"e702cf4\" data-element_type=\"column\" data-e-type=\"column\">\n\t\t\t<div class=\"elementor-widget-wrap elementor-element-populated\">\n\t\t\t\t\t\t<div class=\"elementor-element elementor-element-4ef9a03 elementor-widget elementor-widget-spacer\" data-id=\"4ef9a03\" data-element_type=\"widget\" data-e-type=\"widget\" data-widget_type=\"spacer.default\">\n\t\t\t\t<div class=\"elementor-widget-container\">\n\t\t\t\t\t\t\t<div class=\"elementor-spacer\">\n\t\t\t<div class=\"elementor-spacer-inner\"><\/div>\n\t\t<\/div>\n\t\t\t\t\t\t<\/div>\n\t\t\t\t<\/div>\n\t\t\t\t<div class=\"elementor-element elementor-element-98b421a elementor-widget elementor-widget-image\" data-id=\"98b421a\" data-element_type=\"widget\" data-e-type=\"widget\" data-widget_type=\"image.default\">\n\t\t\t\t<div class=\"elementor-widget-container\">\n\t\t\t\t\t\t\t\t\t\t\t\t\t\t\t<img decoding=\"async\" width=\"750\" height=\"505\" src=\"https:\/\/fcalorient.fr\/wp-content\/uploads\/2026\/04\/Chorale_Mouezh.jpg\" class=\"attachment-large size-large wp-image-2397\" alt=\"\" srcset=\"https:\/\/fcalorient.fr\/wp-content\/uploads\/2026\/04\/Chorale_Mouezh.jpg 1000w, https:\/\/fcalorient.fr\/wp-content\/uploads\/2026\/04\/Chorale_Mouezh-300x202.jpg 300w, https:\/\/fcalorient.fr\/wp-content\/uploads\/2026\/04\/Chorale_Mouezh-768x517.jpg 768w\" sizes=\"(max-width: 750px) 100vw, 750px\" \/>\t\t\t\t\t\t\t\t\t\t\t\t\t\t\t<\/div>\n\t\t\t\t<\/div>\n\t\t\t\t\t<\/div>\n\t\t<\/div>\n\t\t\t\t\t<\/div>\n\t\t<\/section>\n\t\t\t\t<section class=\"elementor-section elementor-top-section elementor-element elementor-element-52bb4367 elementor-section-boxed elementor-section-height-default elementor-section-height-default\" data-id=\"52bb4367\" data-element_type=\"section\" data-e-type=\"section\">\n\t\t\t\t\t\t<div class=\"elementor-container elementor-column-gap-default\">\n\t\t\t\t\t<div class=\"elementor-column elementor-col-100 elementor-top-column elementor-element elementor-element-4e0f648d\" data-id=\"4e0f648d\" data-element_type=\"column\" data-e-type=\"column\">\n\t\t\t<div class=\"elementor-widget-wrap elementor-element-populated\">\n\t\t\t\t\t\t<div class=\"elementor-element elementor-element-55fd58ed elementor-align-center elementor-widget elementor-widget-button\" data-id=\"55fd58ed\" data-element_type=\"widget\" data-e-type=\"widget\" data-widget_type=\"button.default\">\n\t\t\t\t<div class=\"elementor-widget-container\">\n\t\t\t\t\t\t\t\t\t<div class=\"elementor-button-wrapper\">\n\t\t\t\t\t<a class=\"elementor-button elementor-button-link elementor-size-sm\" href=\"https:\/\/fcalorient.fr\/index.php\/elementor-489\/\">\n\t\t\t\t\t\t<span class=\"elementor-button-content-wrapper\">\n\t\t\t\t\t\t\t\t\t<span class=\"elementor-button-text\">Votre animatrice Chorale<\/span>\n\t\t\t\t\t<\/span>\n\t\t\t\t\t<\/a>\n\t\t\t\t<\/div>\n\t\t\t\t\t\t\t\t<\/div>\n\t\t\t\t<\/div>\n\t\t\t\t\t<\/div>\n\t\t<\/div>\n\t\t\t\t\t<\/div>\n\t\t<\/section>\n\t\t\t\t<\/div>\n\t\t","protected":false},"excerpt":{"rendered":"<p>La Chorale MOUEZH AL LUN Ami.e.s s\u00e9niors, vous qui aimez chanter, n&rsquo;h\u00e9sitez pas \u00e0 rejoindre la chorale\u00a0 \u00ab\u00a0Mouezh al Lun\u00a0\u00bb. La chorale interpr\u00e8te un r\u00e9pertoire de chansons fran\u00e7aises des ann\u00e9es 1960 \u00e0 2000, renouvel\u00e9 et vari\u00e9, enregistre ses prestations pour progresser et visionne des vid\u00e9os des chansons travaill\u00e9es. L&rsquo;approche est [&hellip;]<\/p>\n","protected":false},"author":1,"featured_media":0,"parent":0,"menu_order":0,"comment_status":"closed","ping_status":"closed","template":"page-templates\/template-pagebuilder-full-width.php","meta":{"om_disable_all_campaigns":false,"_monsterinsights_skip_tracking":false,"_monsterinsights_sitenote_active":false,"_monsterinsights_sitenote_note":"","_monsterinsights_sitenote_category":0,"footnotes":""},"class_list":["post-332","page","type-page","status-publish","hentry"],"_links":{"self":[{"href":"https:\/\/fcalorient.fr\/index.php\/wp-json\/wp\/v2\/pages\/332","targetHints":{"allow":["GET"]}}],"collection":[{"href":"https:\/\/fcalorient.fr\/index.php\/wp-json\/wp\/v2\/pages"}],"about":[{"href":"https:\/\/fcalorient.fr\/index.php\/wp-json\/wp\/v2\/types\/page"}],"author":[{"embeddable":true,"href":"https:\/\/fcalorient.fr\/index.php\/wp-json\/wp\/v2\/users\/1"}],"replies":[{"embeddable":true,"href":"https:\/\/fcalorient.fr\/index.php\/wp-json\/wp\/v2\/comments?post=332"}],"version-history":[{"count":57,"href":"https:\/\/fcalorient.fr\/index.php\/wp-json\/wp\/v2\/pages\/332\/revisions"}],"predecessor-version":[{"id":2414,"href":"https:\/\/fcalorient.fr\/index.php\/wp-json\/wp\/v2\/pages\/332\/revisions\/2414"}],"wp:attachment":[{"href":"https:\/\/fcalorient.fr\/index.php\/wp-json\/wp\/v2\/media?parent=332"}],"curies":[{"name":"wp","href":"https:\/\/api.w.org\/{rel}","templated":true}]}}